{"id":2933,"date":"2019-07-04T20:51:36","date_gmt":"2019-07-04T18:51:36","guid":{"rendered":"http:\/\/atas.devsrvr.net\/prodotto\/tecnoclim-rw\/"},"modified":"2022-07-04T17:32:17","modified_gmt":"2022-07-04T15:32:17","slug":"tecnoclim-rw","status":"publish","type":"product","link":"https:\/\/www.atassrl.it\/fr\/prodotto\/tecnoclim-rw\/","title":{"rendered":"TECNOCLIM RW"},"content":{"rendered":"<div class=\"page\" title=\"Page 27\">\n<div class=\"section\">\n<div class=\"layoutArea\">\n<div class=\"column\">\n<p style=\"font-weight: 400;\">L&rsquo;abr\u00e9viation r\u00e9serv\u00e9e \u00e0 Tecnoclim est G 12, il convient \u00e0 la conception de nouveaux moteurs avec des pi\u00e8ces en aluminium et en magn\u00e9sium. Tecnoclim assure des propri\u00e9t\u00e9s anti-corrosives, anti-\u00e9vaporation, anti-mousse, ainsi qu&rsquo;anti-gel. Sa couleur est g\u00e9n\u00e9ralement rouge, mais certains constructeurs automobiles demandent des couleurs diff\u00e9rentes. Antigel \u00e0 base de mono\u00e9thyl\u00e8ne glycol \u00e0 consid\u00e9rer comme organique, inhib\u00e9 avec un inhibiteur sp\u00e9cial \u00e0 base d&rsquo;organo-carboxylate pour assurer la protection n\u00e9cessaire des m\u00e9taux mous. Existe aussi en version G 12+.<\/p>\n<\/div>\n<\/div>\n<\/div>\n<\/div>\n","protected":false},"excerpt":{"rendered":"<div class=\"page\" title=\"Page 27\">\n<div class=\"section\">\n<div class=\"layoutArea\">\n<div class=\"column\">\n<p style=\"font-weight: 400;\"><strong>FR: ANTIGEL POUR MOTEURS AVEC PIECES EN ALUMINIUM ET MAGN\u00c9SIUM<\/strong><\/p>\n<\/div>\n<\/div>\n<\/div>\n<\/div>\n","protected":false},"featured_media":8600,"template":"","meta":{"_acf_changed":false,"_seopress_robots_primary_cat":"","_seopress_titles_title":"","_seopress_titles_desc":"","_seopress_robots_index":"","_seopress_analysis_target_kw":""},"product_brand":[],"product_cat":[184],"product_tag":[],"class_list":{"0":"post-2933","1":"product","2":"type-product","3":"status-publish","4":"has-post-thumbnail","6":"product_cat-linea-atascar-fr","8":"first","9":"instock","10":"shipping-taxable","11":"product-type-variable"},"acf":[],"_links":{"self":[{"href":"https:\/\/www.atassrl.it\/fr\/wp-json\/wp\/v2\/product\/2933","targetHints":{"allow":["GET"]}}],"collection":[{"href":"https:\/\/www.atassrl.it\/fr\/wp-json\/wp\/v2\/product"}],"about":[{"href":"https:\/\/www.atassrl.it\/fr\/wp-json\/wp\/v2\/types\/product"}],"wp:featuredmedia":[{"embeddable":true,"href":"https:\/\/www.atassrl.it\/fr\/wp-json\/wp\/v2\/media\/8600"}],"wp:attachment":[{"href":"https:\/\/www.atassrl.it\/fr\/wp-json\/wp\/v2\/media?parent=2933"}],"wp:term":[{"taxonomy":"product_brand","embeddable":true,"href":"https:\/\/www.atassrl.it\/fr\/wp-json\/wp\/v2\/product_brand?post=2933"},{"taxonomy":"product_cat","embeddable":true,"href":"https:\/\/www.atassrl.it\/fr\/wp-json\/wp\/v2\/product_cat?post=2933"},{"taxonomy":"product_tag","embeddable":true,"href":"https:\/\/www.atassrl.it\/fr\/wp-json\/wp\/v2\/product_tag?post=2933"}],"curies":[{"name":"wp","href":"https:\/\/api.w.org\/{rel}","templated":true}]}}