{"id":2936,"date":"2019-07-04T20:56:23","date_gmt":"2019-07-04T18:56:23","guid":{"rendered":"http:\/\/atas.devsrvr.net\/prodotto\/detercetani\/"},"modified":"2022-07-04T17:02:56","modified_gmt":"2022-07-04T15:02:56","slug":"detercetani","status":"publish","type":"product","link":"https:\/\/www.atassrl.it\/fr\/prodotto\/detercetani\/","title":{"rendered":"DETERCETANI"},"content":{"rendered":"<div class=\"page\" title=\"Page 28\">\n<div class=\"section\">\n<div class=\"layoutArea\">\n<div class=\"column\">\n<p style=\"font-weight: 400;\">Il am\u00e9liore la pulv\u00e9risation des injecteurs en optimisant la combustion, r\u00e9duit les fum\u00e9es, s&rsquo;oppose \u00e0 la formation de particules qui se d\u00e9poseraient sur le filtre \u00e0 particules (FAP), pr\u00e9servant ainsi sa dur\u00e9e. Il \u00e9limine tout r\u00e9sidu de la chambre de combustion, la gardant propre et efficace. Il augmente le nombre de c\u00e9tanes, r\u00e9gule la combustion et \u00e9limine les ph\u00e9nom\u00e8nes de pr\u00e9-allumage, am\u00e9liorant les performances et la puissance du moteur. Il \u00e9vite la formation de boues, r\u00e9duit la consommation, facilite les d\u00e9marrages \u00e0 froid et att\u00e9nue le bruit. Dot\u00e9 d&rsquo;un haut pouvoir lubrifiant, il am\u00e9liore les performances des carburants.<\/p>\n<\/div>\n<\/div>\n<\/div>\n<\/div>\n","protected":false},"excerpt":{"rendered":"<div class=\"page\" title=\"Page 28\">\n<div class=\"section\">\n<div class=\"layoutArea\">\n<div class=\"column\">\n<div><b><span lang=\"DE\">NETTOYANT POUR SYST\u00c8ME D&rsquo;ALIMENTATION DE MOTEUR DIESEL<\/span><\/b><\/div>\n<\/div>\n<\/div>\n<\/div>\n<\/div>\n","protected":false},"featured_media":8548,"template":"","meta":{"_acf_changed":false,"_seopress_robots_primary_cat":"","_seopress_titles_title":"","_seopress_titles_desc":"","_seopress_robots_index":"","_seopress_analysis_target_kw":""},"product_brand":[],"product_cat":[184],"product_tag":[],"class_list":{"0":"post-2936","1":"product","2":"type-product","3":"status-publish","4":"has-post-thumbnail","6":"product_cat-linea-atascar-fr","8":"first","9":"instock","10":"shipping-taxable","11":"product-type-simple"},"acf":[],"_links":{"self":[{"href":"https:\/\/www.atassrl.it\/fr\/wp-json\/wp\/v2\/product\/2936","targetHints":{"allow":["GET"]}}],"collection":[{"href":"https:\/\/www.atassrl.it\/fr\/wp-json\/wp\/v2\/product"}],"about":[{"href":"https:\/\/www.atassrl.it\/fr\/wp-json\/wp\/v2\/types\/product"}],"wp:featuredmedia":[{"embeddable":true,"href":"https:\/\/www.atassrl.it\/fr\/wp-json\/wp\/v2\/media\/8548"}],"wp:attachment":[{"href":"https:\/\/www.atassrl.it\/fr\/wp-json\/wp\/v2\/media?parent=2936"}],"wp:term":[{"taxonomy":"product_brand","embeddable":true,"href":"https:\/\/www.atassrl.it\/fr\/wp-json\/wp\/v2\/product_brand?post=2936"},{"taxonomy":"product_cat","embeddable":true,"href":"https:\/\/www.atassrl.it\/fr\/wp-json\/wp\/v2\/product_cat?post=2936"},{"taxonomy":"product_tag","embeddable":true,"href":"https:\/\/www.atassrl.it\/fr\/wp-json\/wp\/v2\/product_tag?post=2936"}],"curies":[{"name":"wp","href":"https:\/\/api.w.org\/{rel}","templated":true}]}}