{"id":2942,"date":"2019-07-04T21:05:13","date_gmt":"2019-07-04T19:05:13","guid":{"rendered":"http:\/\/atas.devsrvr.net\/prodotto\/rhigen-diesel\/"},"modified":"2022-07-04T17:01:37","modified_gmt":"2022-07-04T15:01:37","slug":"rhigen-diesel","status":"publish","type":"product","link":"https:\/\/www.atassrl.it\/fr\/prodotto\/rhigen-diesel\/","title":{"rendered":"RHIGEN DIESEL"},"content":{"rendered":"<div class=\"page\" title=\"Page 29\">\n<div class=\"section\">\n<div class=\"layoutArea\">\n<div class=\"column\">\n<p style=\"font-weight: 400;\">M\u00e9lange de polym\u00e8res sp\u00e9ciaux \u00e0 action d\u00e9tergente et antigel. Il \u00e9vite la solidification des paraffines, augmente les performances des moteurs diesel, facilite le d\u00e9marrage en saison hivernale jusqu&rsquo;\u00e0 -20\/25\u00b0C. Il r\u00e9duit les gaz d&rsquo;\u00e9chappement, maintient le syst\u00e8me de carburant propre et emp\u00eache la formation de boues. Il optimise \u00e9galement la quantit\u00e9 de c\u00e9tanes.<\/p>\n<\/div>\n<\/div>\n<\/div>\n<\/div>\n","protected":false},"excerpt":{"rendered":"<div class=\"page\" title=\"Page 29\">\n<div class=\"section\">\n<div class=\"layoutArea\">\n<div class=\"column\">\n<div><b><span lang=\"DE\">ADDITIF ANTIGEL POUR INJECTEURS<\/span><\/b><\/div>\n<\/div>\n<\/div>\n<\/div>\n<\/div>\n","protected":false},"featured_media":8538,"template":"","meta":{"_acf_changed":false,"_seopress_robots_primary_cat":"","_seopress_titles_title":"","_seopress_titles_desc":"","_seopress_robots_index":"","_seopress_analysis_target_kw":""},"product_brand":[],"product_cat":[199,184],"product_tag":[],"class_list":{"0":"post-2942","1":"product","2":"type-product","3":"status-publish","4":"has-post-thumbnail","6":"product_cat-agents-pour-lhiver-et-additifs","7":"product_cat-linea-atascar-fr","9":"first","10":"instock","11":"shipping-taxable","12":"product-type-variable"},"acf":[],"_links":{"self":[{"href":"https:\/\/www.atassrl.it\/fr\/wp-json\/wp\/v2\/product\/2942","targetHints":{"allow":["GET"]}}],"collection":[{"href":"https:\/\/www.atassrl.it\/fr\/wp-json\/wp\/v2\/product"}],"about":[{"href":"https:\/\/www.atassrl.it\/fr\/wp-json\/wp\/v2\/types\/product"}],"wp:featuredmedia":[{"embeddable":true,"href":"https:\/\/www.atassrl.it\/fr\/wp-json\/wp\/v2\/media\/8538"}],"wp:attachment":[{"href":"https:\/\/www.atassrl.it\/fr\/wp-json\/wp\/v2\/media?parent=2942"}],"wp:term":[{"taxonomy":"product_brand","embeddable":true,"href":"https:\/\/www.atassrl.it\/fr\/wp-json\/wp\/v2\/product_brand?post=2942"},{"taxonomy":"product_cat","embeddable":true,"href":"https:\/\/www.atassrl.it\/fr\/wp-json\/wp\/v2\/product_cat?post=2942"},{"taxonomy":"product_tag","embeddable":true,"href":"https:\/\/www.atassrl.it\/fr\/wp-json\/wp\/v2\/product_tag?post=2942"}],"curies":[{"name":"wp","href":"https:\/\/api.w.org\/{rel}","templated":true}]}}