{"id":2951,"date":"2019-07-04T21:08:21","date_gmt":"2019-07-04T19:08:21","guid":{"rendered":"http:\/\/atas.devsrvr.net\/prodotto\/dinc\/"},"modified":"2022-07-04T17:05:19","modified_gmt":"2022-07-04T15:05:19","slug":"dinc","status":"publish","type":"product","link":"https:\/\/www.atassrl.it\/fr\/prodotto\/dinc\/","title":{"rendered":"DINC"},"content":{"rendered":"<div class=\"page\" title=\"Page 29\">\n<div class=\"section\">\n<div class=\"layoutArea\">\n<div class=\"column\">\n<p>Il pr\u00e9vient et \u00e9limine la formation de boues et d&rsquo;incrustations dans le syst\u00e8me de carburant, augmentant les performances du moteur. Il optimise la consommation de carburant en r\u00e9duisant les gaz d&rsquo;\u00e9chappement. En m\u00eame temps, il nettoie, lubrifie et prot\u00e8ge \u00e0 la fois les soupapes d&rsquo;admission et la chambre de combustion. Il convient \u00e9galement pour garder les carburateurs propres. Il n&rsquo;endommage pas les silencieux car il ne contient pas de sels m\u00e9talliques. Renouveler le traitement tous les 1500 km en versant le produit dans le r\u00e9servoir avant de faire le plein.<\/p>\n<\/div>\n<\/div>\n<\/div>\n<\/div>\n","protected":false},"excerpt":{"rendered":"<div class=\"page\" title=\"Page 29\">\n<div class=\"section\">\n<div class=\"layoutArea\">\n<div class=\"column\">\n<div><b><span lang=\"EN-GB\">AMELIORATEUR DE PERFORMANCES POUR MOTEURS A ESSENCE ET NETTOYANT POUR INJECTEURS<\/span><\/b><\/div>\n<\/div>\n<\/div>\n<\/div>\n<\/div>\n","protected":false},"featured_media":8553,"template":"","meta":{"_acf_changed":false,"_seopress_robots_primary_cat":"","_seopress_titles_title":"","_seopress_titles_desc":"","_seopress_robots_index":"","_seopress_analysis_target_kw":""},"product_brand":[],"product_cat":[184],"product_tag":[],"class_list":{"0":"post-2951","1":"product","2":"type-product","3":"status-publish","4":"has-post-thumbnail","6":"product_cat-linea-atascar-fr","8":"first","9":"instock","10":"shipping-taxable","11":"product-type-simple"},"acf":[],"_links":{"self":[{"href":"https:\/\/www.atassrl.it\/fr\/wp-json\/wp\/v2\/product\/2951","targetHints":{"allow":["GET"]}}],"collection":[{"href":"https:\/\/www.atassrl.it\/fr\/wp-json\/wp\/v2\/product"}],"about":[{"href":"https:\/\/www.atassrl.it\/fr\/wp-json\/wp\/v2\/types\/product"}],"wp:featuredmedia":[{"embeddable":true,"href":"https:\/\/www.atassrl.it\/fr\/wp-json\/wp\/v2\/media\/8553"}],"wp:attachment":[{"href":"https:\/\/www.atassrl.it\/fr\/wp-json\/wp\/v2\/media?parent=2951"}],"wp:term":[{"taxonomy":"product_brand","embeddable":true,"href":"https:\/\/www.atassrl.it\/fr\/wp-json\/wp\/v2\/product_brand?post=2951"},{"taxonomy":"product_cat","embeddable":true,"href":"https:\/\/www.atassrl.it\/fr\/wp-json\/wp\/v2\/product_cat?post=2951"},{"taxonomy":"product_tag","embeddable":true,"href":"https:\/\/www.atassrl.it\/fr\/wp-json\/wp\/v2\/product_tag?post=2951"}],"curies":[{"name":"wp","href":"https:\/\/api.w.org\/{rel}","templated":true}]}}