{"id":2966,"date":"2019-07-04T21:16:42","date_gmt":"2019-07-04T19:16:42","guid":{"rendered":"http:\/\/atas.devsrvr.net\/prodotto\/isol\/"},"modified":"2022-07-05T09:22:59","modified_gmt":"2022-07-05T07:22:59","slug":"isol","status":"publish","type":"product","link":"https:\/\/www.atassrl.it\/fr\/prodotto\/isol\/","title":{"rendered":"ISOL"},"content":{"rendered":"<div class=\"page\" title=\"Page 30\">\n<div class=\"layoutArea\">\n<div class=\"column\">\n<p style=\"font-weight: 400;\">S&rsquo;il est appliqu\u00e9 sur la bobine, le distributeur, le capuchon et les bougies d&rsquo;allumage, il \u00e9limine l&rsquo;humidit\u00e9 et restaure la conductivit\u00e9 \u00e9lectrique. Il prot\u00e8ge les contacts du sel, de l&rsquo;oxydation, des agents acides et alcalins. A appliquer sur des surfaces propres.<\/p>\n<\/div>\n<\/div>\n<\/div>\n","protected":false},"excerpt":{"rendered":"<div class=\"page\" title=\"Page 30\">\n<div class=\"layoutArea\">\n<div class=\"column\">\n<div><b><span lang=\"DE\">AGENT DE PROTECTION POUR PARTIES ELECTRIQUES<\/span><\/b><\/div>\n<\/div>\n<\/div>\n<\/div>\n","protected":false},"featured_media":8691,"template":"","meta":{"_acf_changed":false,"_seopress_robots_primary_cat":"","_seopress_titles_title":"","_seopress_titles_desc":"","_seopress_robots_index":"","_seopress_analysis_target_kw":""},"product_brand":[],"product_cat":[184,836],"product_tag":[878],"class_list":{"0":"post-2966","1":"product","2":"type-product","3":"status-publish","4":"has-post-thumbnail","6":"product_cat-linea-atascar-fr","7":"product_cat-produits-dhiver","8":"product_tag-produits-techniques","10":"first","11":"instock","12":"shipping-taxable","13":"product-type-simple"},"acf":[],"_links":{"self":[{"href":"https:\/\/www.atassrl.it\/fr\/wp-json\/wp\/v2\/product\/2966","targetHints":{"allow":["GET"]}}],"collection":[{"href":"https:\/\/www.atassrl.it\/fr\/wp-json\/wp\/v2\/product"}],"about":[{"href":"https:\/\/www.atassrl.it\/fr\/wp-json\/wp\/v2\/types\/product"}],"wp:featuredmedia":[{"embeddable":true,"href":"https:\/\/www.atassrl.it\/fr\/wp-json\/wp\/v2\/media\/8691"}],"wp:attachment":[{"href":"https:\/\/www.atassrl.it\/fr\/wp-json\/wp\/v2\/media?parent=2966"}],"wp:term":[{"taxonomy":"product_brand","embeddable":true,"href":"https:\/\/www.atassrl.it\/fr\/wp-json\/wp\/v2\/product_brand?post=2966"},{"taxonomy":"product_cat","embeddable":true,"href":"https:\/\/www.atassrl.it\/fr\/wp-json\/wp\/v2\/product_cat?post=2966"},{"taxonomy":"product_tag","embeddable":true,"href":"https:\/\/www.atassrl.it\/fr\/wp-json\/wp\/v2\/product_tag?post=2966"}],"curies":[{"name":"wp","href":"https:\/\/api.w.org\/{rel}","templated":true}]}}