{"id":2969,"date":"2019-07-04T21:20:36","date_gmt":"2019-07-04T19:20:36","guid":{"rendered":"http:\/\/atas.devsrvr.net\/prodotto\/rox\/"},"modified":"2022-07-04T09:47:36","modified_gmt":"2022-07-04T07:47:36","slug":"rox","status":"publish","type":"product","link":"https:\/\/www.atassrl.it\/fr\/prodotto\/rox\/","title":{"rendered":"ROX"},"content":{"rendered":"<div class=\"page\" title=\"Page 30\">\n<div class=\"layoutArea\">\n<div class=\"column\">\n<p style=\"font-weight: 400;\">Bas\u00e9 sur des substances antistatiques sp\u00e9ciales, il emp\u00eache la formation de condensation sur le verre, le cristal, les vitrines, etc. assurant une visibilit\u00e9 de longue dur\u00e9e. Facile et rapide \u00e0 utiliser, il n&rsquo;ab\u00eeme pas les joints et convient \u00e9galement au traitement des visi\u00e8res de casque.<\/p>\n<\/div>\n<\/div>\n<\/div>\n","protected":false},"excerpt":{"rendered":"<div class=\"page\" title=\"Page 30\">\n<div class=\"layoutArea\">\n<div class=\"column\">\n<div><b>ANTI-BU\u00c9E POUR LE VERRE<\/b><\/div>\n<\/div>\n<\/div>\n<\/div>\n","protected":false},"featured_media":8178,"template":"","meta":{"_acf_changed":false,"_seopress_robots_primary_cat":"","_seopress_titles_title":"","_seopress_titles_desc":"","_seopress_robots_index":"","_seopress_analysis_target_kw":""},"product_brand":[],"product_cat":[184],"product_tag":[],"class_list":{"0":"post-2969","1":"product","2":"type-product","3":"status-publish","4":"has-post-thumbnail","6":"product_cat-linea-atascar-fr","8":"first","9":"instock","10":"shipping-taxable","11":"product-type-simple"},"acf":[],"_links":{"self":[{"href":"https:\/\/www.atassrl.it\/fr\/wp-json\/wp\/v2\/product\/2969","targetHints":{"allow":["GET"]}}],"collection":[{"href":"https:\/\/www.atassrl.it\/fr\/wp-json\/wp\/v2\/product"}],"about":[{"href":"https:\/\/www.atassrl.it\/fr\/wp-json\/wp\/v2\/types\/product"}],"wp:featuredmedia":[{"embeddable":true,"href":"https:\/\/www.atassrl.it\/fr\/wp-json\/wp\/v2\/media\/8178"}],"wp:attachment":[{"href":"https:\/\/www.atassrl.it\/fr\/wp-json\/wp\/v2\/media?parent=2969"}],"wp:term":[{"taxonomy":"product_brand","embeddable":true,"href":"https:\/\/www.atassrl.it\/fr\/wp-json\/wp\/v2\/product_brand?post=2969"},{"taxonomy":"product_cat","embeddable":true,"href":"https:\/\/www.atassrl.it\/fr\/wp-json\/wp\/v2\/product_cat?post=2969"},{"taxonomy":"product_tag","embeddable":true,"href":"https:\/\/www.atassrl.it\/fr\/wp-json\/wp\/v2\/product_tag?post=2969"}],"curies":[{"name":"wp","href":"https:\/\/api.w.org\/{rel}","templated":true}]}}