{"id":2990,"date":"2019-07-04T21:34:44","date_gmt":"2019-07-04T19:34:44","guid":{"rendered":"http:\/\/atas.devsrvr.net\/prodotto\/forclean\/"},"modified":"2022-07-04T18:02:24","modified_gmt":"2022-07-04T16:02:24","slug":"forclean","status":"publish","type":"product","link":"https:\/\/www.atassrl.it\/fr\/prodotto\/forclean\/","title":{"rendered":"FORCLEAN"},"content":{"rendered":"<div class=\"page\" title=\"Page 32\">\n<div class=\"section\">\n<div class=\"layoutArea\">\n<div class=\"column\">\n<p style=\"font-weight: 400;\">De faible alcalinit\u00e9, il convient aussi bien pour le nettoyage manuel des voitures que comme d\u00e9graissant pour les pi\u00e8ces m\u00e9caniques. Alternative valable aux produits \u00e0 base de solvants, il dissout et \u00e9limine rapidement les r\u00e9sidus graisseux des parties externes des moteurs et des pi\u00e8ces m\u00e9caniques en g\u00e9n\u00e9ral. Il n&rsquo;alt\u00e8re pas les pi\u00e8ces peintes, le plastique, le caoutchouc et le m\u00e9tal. Ne pas utiliser sur les motos et scooters.<\/p>\n<\/div>\n<\/div>\n<\/div>\n<\/div>\n","protected":false},"excerpt":{"rendered":"<div class=\"page\" title=\"Page 32\">\n<div class=\"section\">\n<div class=\"layoutArea\">\n<div class=\"column\">\n<div><span lang=\"DE\">D\u00c9GRAISSANT POUR PI\u00c8CES M\u00c9CANIQUES &#8211; PR\u00c9-LAVAGE D&rsquo;\u00c9T\u00c9<\/span><\/div>\n<\/div>\n<\/div>\n<\/div>\n<\/div>\n","protected":false},"featured_media":8655,"template":"","meta":{"_acf_changed":false,"_seopress_robots_primary_cat":"","_seopress_titles_title":"","_seopress_titles_desc":"","_seopress_robots_index":"","_seopress_analysis_target_kw":""},"product_brand":[],"product_cat":[184],"product_tag":[],"class_list":{"0":"post-2990","1":"product","2":"type-product","3":"status-publish","4":"has-post-thumbnail","6":"product_cat-linea-atascar-fr","8":"first","9":"instock","10":"shipping-taxable","11":"product-type-variable"},"acf":[],"_links":{"self":[{"href":"https:\/\/www.atassrl.it\/fr\/wp-json\/wp\/v2\/product\/2990","targetHints":{"allow":["GET"]}}],"collection":[{"href":"https:\/\/www.atassrl.it\/fr\/wp-json\/wp\/v2\/product"}],"about":[{"href":"https:\/\/www.atassrl.it\/fr\/wp-json\/wp\/v2\/types\/product"}],"wp:featuredmedia":[{"embeddable":true,"href":"https:\/\/www.atassrl.it\/fr\/wp-json\/wp\/v2\/media\/8655"}],"wp:attachment":[{"href":"https:\/\/www.atassrl.it\/fr\/wp-json\/wp\/v2\/media?parent=2990"}],"wp:term":[{"taxonomy":"product_brand","embeddable":true,"href":"https:\/\/www.atassrl.it\/fr\/wp-json\/wp\/v2\/product_brand?post=2990"},{"taxonomy":"product_cat","embeddable":true,"href":"https:\/\/www.atassrl.it\/fr\/wp-json\/wp\/v2\/product_cat?post=2990"},{"taxonomy":"product_tag","embeddable":true,"href":"https:\/\/www.atassrl.it\/fr\/wp-json\/wp\/v2\/product_tag?post=2990"}],"curies":[{"name":"wp","href":"https:\/\/api.w.org\/{rel}","templated":true}]}}