{"id":2993,"date":"2019-07-04T21:43:57","date_gmt":"2019-07-04T19:43:57","guid":{"rendered":"http:\/\/atas.devsrvr.net\/prodotto\/derwax\/"},"modified":"2022-07-01T16:31:11","modified_gmt":"2022-07-01T14:31:11","slug":"derwax","status":"publish","type":"product","link":"https:\/\/www.atassrl.it\/fr\/prodotto\/derwax\/","title":{"rendered":"DERWAX"},"content":{"rendered":"<div class=\"page\" title=\"Page 32\">\n<div class=\"section\">\n<div class=\"layoutArea\">\n<div class=\"column\">\n<p style=\"font-weight: 400;\">Produit professionnel riche en polym\u00e8res pour une finition ultra brillante de la peinture et des pi\u00e8ces ext\u00e9rieures en plastique. Il assure \u00e9galement une protection \u00e9lev\u00e9e et durable contre les agents atmosph\u00e9riques et un excellent effet hydrofuge. Agr\u00e9ablement parfum\u00e9, il ne laisse ni traces ni r\u00e9sidus.<br \/>\nUtilisation : vaporiser sur carrosserie propre et s\u00e8che puis lustrer avec un chiffon microfibre. Il peut \u00e9galement \u00eatre utilis\u00e9 pour faciliter l&rsquo;op\u00e9ration de s\u00e9chage manuel de la voiture : vaporiser la peinture fra\u00eeche puis effectuer un rin\u00e7age final.<\/p>\n<\/div>\n<\/div>\n<\/div>\n<\/div>\n","protected":false},"excerpt":{"rendered":"<div class=\"page\" title=\"Page 32\">\n<div class=\"section\">\n<div class=\"layoutArea\">\n<div class=\"column\">\n<div><span lang=\"DE\">POLISSAGE \u00c9CLAIRCISSANT LIQUIDE<\/span><\/div>\n<\/div>\n<\/div>\n<\/div>\n<\/div>\n","protected":false},"featured_media":8046,"template":"","meta":{"_acf_changed":false,"_seopress_robots_primary_cat":"","_seopress_titles_title":"","_seopress_titles_desc":"","_seopress_robots_index":"","_seopress_analysis_target_kw":""},"product_brand":[],"product_cat":[184],"product_tag":[],"class_list":{"0":"post-2993","1":"product","2":"type-product","3":"status-publish","4":"has-post-thumbnail","6":"product_cat-linea-atascar-fr","8":"first","9":"instock","10":"shipping-taxable","11":"product-type-simple"},"acf":[],"_links":{"self":[{"href":"https:\/\/www.atassrl.it\/fr\/wp-json\/wp\/v2\/product\/2993","targetHints":{"allow":["GET"]}}],"collection":[{"href":"https:\/\/www.atassrl.it\/fr\/wp-json\/wp\/v2\/product"}],"about":[{"href":"https:\/\/www.atassrl.it\/fr\/wp-json\/wp\/v2\/types\/product"}],"wp:featuredmedia":[{"embeddable":true,"href":"https:\/\/www.atassrl.it\/fr\/wp-json\/wp\/v2\/media\/8046"}],"wp:attachment":[{"href":"https:\/\/www.atassrl.it\/fr\/wp-json\/wp\/v2\/media?parent=2993"}],"wp:term":[{"taxonomy":"product_brand","embeddable":true,"href":"https:\/\/www.atassrl.it\/fr\/wp-json\/wp\/v2\/product_brand?post=2993"},{"taxonomy":"product_cat","embeddable":true,"href":"https:\/\/www.atassrl.it\/fr\/wp-json\/wp\/v2\/product_cat?post=2993"},{"taxonomy":"product_tag","embeddable":true,"href":"https:\/\/www.atassrl.it\/fr\/wp-json\/wp\/v2\/product_tag?post=2993"}],"curies":[{"name":"wp","href":"https:\/\/api.w.org\/{rel}","templated":true}]}}