{"id":3005,"date":"2019-07-04T21:57:09","date_gmt":"2019-07-04T19:57:09","guid":{"rendered":"http:\/\/atas.devsrvr.net\/prodotto\/forlega\/"},"modified":"2022-07-04T09:52:10","modified_gmt":"2022-07-04T07:52:10","slug":"forlega","status":"publish","type":"product","link":"https:\/\/www.atassrl.it\/fr\/prodotto\/forlega\/","title":{"rendered":"FORLEGA"},"content":{"rendered":"<div class=\"page\" title=\"Page 34\">\n<div class=\"layoutArea\">\n<div class=\"column\">\n<p style=\"font-weight: 400;\">Tr\u00e8s efficace sur les oxydes et les poussi\u00e8res d\u00e9gag\u00e9es par les plaquettes de frein, il laisse les surfaces brillantes sans les brosser. Convient \u00e9galement aux pi\u00e8ces chrom\u00e9es, nickel\u00e9es et en aluminium. A base d&rsquo;acide, il contient des inhibiteurs de corrosion. \u00c9vitez de l&rsquo;utiliser sur des jantes sp\u00e9ciales ou peintes sur les voitures, les motos et les scooters et sur les enjoliveurs en plastique.<\/p>\n<\/div>\n<\/div>\n<\/div>\n","protected":false},"excerpt":{"rendered":"<div class=\"page\" title=\"Page 34\">\n<div class=\"layoutArea\">\n<div class=\"column\">\n<div><b><span lang=\"DE\">D\u00c9TERGENT POUR JANTES EN ALLIAGE<\/span><\/b><\/div>\n<\/div>\n<\/div>\n<\/div>\n","protected":false},"featured_media":8215,"template":"","meta":{"_acf_changed":false,"_seopress_robots_primary_cat":"","_seopress_titles_title":"","_seopress_titles_desc":"","_seopress_robots_index":"","_seopress_analysis_target_kw":""},"product_brand":[],"product_cat":[184],"product_tag":[],"class_list":{"0":"post-3005","1":"product","2":"type-product","3":"status-publish","4":"has-post-thumbnail","6":"product_cat-linea-atascar-fr","8":"first","9":"instock","10":"shipping-taxable","11":"product-type-simple"},"acf":[],"_links":{"self":[{"href":"https:\/\/www.atassrl.it\/fr\/wp-json\/wp\/v2\/product\/3005","targetHints":{"allow":["GET"]}}],"collection":[{"href":"https:\/\/www.atassrl.it\/fr\/wp-json\/wp\/v2\/product"}],"about":[{"href":"https:\/\/www.atassrl.it\/fr\/wp-json\/wp\/v2\/types\/product"}],"wp:featuredmedia":[{"embeddable":true,"href":"https:\/\/www.atassrl.it\/fr\/wp-json\/wp\/v2\/media\/8215"}],"wp:attachment":[{"href":"https:\/\/www.atassrl.it\/fr\/wp-json\/wp\/v2\/media?parent=3005"}],"wp:term":[{"taxonomy":"product_brand","embeddable":true,"href":"https:\/\/www.atassrl.it\/fr\/wp-json\/wp\/v2\/product_brand?post=3005"},{"taxonomy":"product_cat","embeddable":true,"href":"https:\/\/www.atassrl.it\/fr\/wp-json\/wp\/v2\/product_cat?post=3005"},{"taxonomy":"product_tag","embeddable":true,"href":"https:\/\/www.atassrl.it\/fr\/wp-json\/wp\/v2\/product_tag?post=3005"}],"curies":[{"name":"wp","href":"https:\/\/api.w.org\/{rel}","templated":true}]}}