{"id":3008,"date":"2019-07-04T21:59:49","date_gmt":"2019-07-04T19:59:49","guid":{"rendered":"http:\/\/atas.devsrvr.net\/prodotto\/arigen\/"},"modified":"2022-07-06T14:54:03","modified_gmt":"2022-07-06T12:54:03","slug":"arigen","status":"publish","type":"product","link":"https:\/\/www.atassrl.it\/fr\/prodotto\/arigen\/","title":{"rendered":"ARIGEN"},"content":{"rendered":"<div class=\"page\" title=\"Page 35\">\n<div class=\"section\">\n<div class=\"layoutArea\">\n<div class=\"column\">\n<p style=\"font-weight: 400;\">Il \u00e9limine efficacement les odeurs d\u00e9sagr\u00e9ables dues aux animaux, \u00e0 la fum\u00e9e, aux moisissures, aux aliments frits, \u00e0 la sueur, etc. en laissant un parfum agr\u00e9able. Convient pour les voitures, les salles de bains et les environnements en g\u00e9n\u00e9ral. Ne pas utiliser sur le daim, le cuir, les fourrures. En cas de doute, un test de compatibilit\u00e9 est recommand\u00e9.<\/p>\n<\/div>\n<\/div>\n<\/div>\n<\/div>\n","protected":false},"excerpt":{"rendered":"<div class=\"page\" title=\"Page 35\">\n<div class=\"section\">\n<div class=\"layoutArea\">\n<div class=\"column\">\n<div><b><span lang=\"DE\">NEUTRALISATEUR D&rsquo;ODEUR<\/span><\/b><\/div>\n<\/div>\n<\/div>\n<\/div>\n<\/div>\n","protected":false},"featured_media":8808,"template":"","meta":{"_acf_changed":false,"_seopress_robots_primary_cat":"","_seopress_titles_title":"","_seopress_titles_desc":"","_seopress_robots_index":"","_seopress_analysis_target_kw":""},"product_brand":[],"product_cat":[184],"product_tag":[],"class_list":{"0":"post-3008","1":"product","2":"type-product","3":"status-publish","4":"has-post-thumbnail","6":"product_cat-linea-atascar-fr","8":"first","9":"instock","10":"shipping-taxable","11":"product-type-simple"},"acf":[],"_links":{"self":[{"href":"https:\/\/www.atassrl.it\/fr\/wp-json\/wp\/v2\/product\/3008","targetHints":{"allow":["GET"]}}],"collection":[{"href":"https:\/\/www.atassrl.it\/fr\/wp-json\/wp\/v2\/product"}],"about":[{"href":"https:\/\/www.atassrl.it\/fr\/wp-json\/wp\/v2\/types\/product"}],"wp:featuredmedia":[{"embeddable":true,"href":"https:\/\/www.atassrl.it\/fr\/wp-json\/wp\/v2\/media\/8808"}],"wp:attachment":[{"href":"https:\/\/www.atassrl.it\/fr\/wp-json\/wp\/v2\/media?parent=3008"}],"wp:term":[{"taxonomy":"product_brand","embeddable":true,"href":"https:\/\/www.atassrl.it\/fr\/wp-json\/wp\/v2\/product_brand?post=3008"},{"taxonomy":"product_cat","embeddable":true,"href":"https:\/\/www.atassrl.it\/fr\/wp-json\/wp\/v2\/product_cat?post=3008"},{"taxonomy":"product_tag","embeddable":true,"href":"https:\/\/www.atassrl.it\/fr\/wp-json\/wp\/v2\/product_tag?post=3008"}],"curies":[{"name":"wp","href":"https:\/\/api.w.org\/{rel}","templated":true}]}}