{"id":3014,"date":"2019-07-04T22:05:59","date_gmt":"2019-07-04T20:05:59","guid":{"rendered":"http:\/\/atas.devsrvr.net\/prodotto\/penetrus\/"},"modified":"2022-07-04T11:15:08","modified_gmt":"2022-07-04T09:15:08","slug":"penetrus","status":"publish","type":"product","link":"https:\/\/www.atassrl.it\/fr\/prodotto\/penetrus\/","title":{"rendered":"PENETRUS"},"content":{"rendered":"<div class=\"page\" title=\"Page 36\">\n<div class=\"section\">\n<div class=\"layoutArea\">\n<div class=\"column\">\n<p style=\"font-weight: 400;\">Il d\u00e9verrouille facilement les vis, boulons et pi\u00e8ces m\u00e9caniques rouill\u00e9s. Il p\u00e9n\u00e8tre et lib\u00e8re les incrustations, \u00e9limine les frottements et grincements des charni\u00e8res, serrures et cha\u00eenes, les emp\u00eachant de se bloquer m\u00eame en pr\u00e9sence de gel. Il d\u00e9graisse et nettoie en dissolvant les incrustations d&rsquo;huile et de graisse. Avec action anticorrosive et antirouille m\u00eame en pr\u00e9sence d&rsquo;humidit\u00e9, d&rsquo;eau de mer et de sel. Il convient \u00e0 la protection de la bobine, du distributeur, des bornes de batterie et des pi\u00e8ces \u00e9lectriques en g\u00e9n\u00e9ral. Hydrofuge, il r\u00e9active les contacts \u00e9lectriques sans alt\u00e9rer leur conductivit\u00e9.<\/p>\n<\/div>\n<\/div>\n<\/div>\n<\/div>\n","protected":false},"excerpt":{"rendered":"<div class=\"page\" title=\"Page 36\">\n<div class=\"section\">\n<div class=\"layoutArea\">\n<div class=\"column\">\n<div><b><span lang=\"DE\">AGENT DISSOLVANT<\/span><\/b><\/div>\n<\/div>\n<\/div>\n<\/div>\n<\/div>\n","protected":false},"featured_media":8394,"template":"","meta":{"_acf_changed":false,"_seopress_robots_primary_cat":"","_seopress_titles_title":"","_seopress_titles_desc":"","_seopress_robots_index":"","_seopress_analysis_target_kw":""},"product_brand":[],"product_cat":[214,184],"product_tag":[],"class_list":{"0":"post-3014","1":"product","2":"type-product","3":"status-publish","4":"has-post-thumbnail","6":"product_cat-entretien","7":"product_cat-linea-atascar-fr","9":"first","10":"instock","11":"shipping-taxable","12":"product-type-variable"},"acf":[],"_links":{"self":[{"href":"https:\/\/www.atassrl.it\/fr\/wp-json\/wp\/v2\/product\/3014","targetHints":{"allow":["GET"]}}],"collection":[{"href":"https:\/\/www.atassrl.it\/fr\/wp-json\/wp\/v2\/product"}],"about":[{"href":"https:\/\/www.atassrl.it\/fr\/wp-json\/wp\/v2\/types\/product"}],"wp:featuredmedia":[{"embeddable":true,"href":"https:\/\/www.atassrl.it\/fr\/wp-json\/wp\/v2\/media\/8394"}],"wp:attachment":[{"href":"https:\/\/www.atassrl.it\/fr\/wp-json\/wp\/v2\/media?parent=3014"}],"wp:term":[{"taxonomy":"product_brand","embeddable":true,"href":"https:\/\/www.atassrl.it\/fr\/wp-json\/wp\/v2\/product_brand?post=3014"},{"taxonomy":"product_cat","embeddable":true,"href":"https:\/\/www.atassrl.it\/fr\/wp-json\/wp\/v2\/product_cat?post=3014"},{"taxonomy":"product_tag","embeddable":true,"href":"https:\/\/www.atassrl.it\/fr\/wp-json\/wp\/v2\/product_tag?post=3014"}],"curies":[{"name":"wp","href":"https:\/\/api.w.org\/{rel}","templated":true}]}}