{"id":3026,"date":"2019-07-04T22:13:14","date_gmt":"2019-07-04T20:13:14","guid":{"rendered":"http:\/\/atas.devsrvr.net\/prodotto\/galar\/"},"modified":"2022-07-04T13:44:17","modified_gmt":"2022-07-04T11:44:17","slug":"galar","status":"publish","type":"product","link":"https:\/\/www.atassrl.it\/fr\/prodotto\/galar\/","title":{"rendered":"GALAR LITIO"},"content":{"rendered":"<div class=\"page\" title=\"Page 37\">\n<div class=\"section\">\n<div class=\"layoutArea\">\n<div class=\"column\">\n<p>Prot\u00e8ge, adh\u00e8re, scelle, r\u00e9siste longtemps, m\u00eame en cas d&rsquo;application sur des pi\u00e8ces particuli\u00e8rement sollicit\u00e9es. Il ne craque pas, n&rsquo;est pas lavable, ne durcit pas et est un excellent antioxydant. Recommand\u00e9 pour les douilles, les filetages, les roulements, les cha\u00eenes, les machines, les outils, les v\u00e9hicules agricoles et routiers et pour tout \u00e9l\u00e9ment en mouvement ou soumis \u00e0 l&rsquo;usure et au frottement. Convient \u00e9galement au secteur nautique car il forme une couche visqueuse qui prot\u00e8ge les parties trait\u00e9es de l&rsquo;eau, du sel et des agents atmosph\u00e9riques. Il conserve ses caract\u00e9ristiques inchang\u00e9es sur une large plage de temp\u00e9ratures.<\/p>\n<\/div>\n<\/div>\n<\/div>\n<\/div>\n","protected":false},"excerpt":{"rendered":"<div class=\"page\" title=\"Page 37\">\n<div class=\"section\">\n<div class=\"layoutArea\">\n<div class=\"column\">\n<div><span lang=\"DE\">GRAISSE LUBRIFIANTE ADHESIVE<\/span><\/div>\n<\/div>\n<\/div>\n<\/div>\n<\/div>\n","protected":false},"featured_media":8440,"template":"","meta":{"_acf_changed":false,"_seopress_robots_primary_cat":"","_seopress_titles_title":"","_seopress_titles_desc":"","_seopress_robots_index":"","_seopress_analysis_target_kw":""},"product_brand":[],"product_cat":[184,207],"product_tag":[],"class_list":{"0":"post-3026","1":"product","2":"type-product","3":"status-publish","4":"has-post-thumbnail","6":"product_cat-linea-atascar-fr","7":"product_cat-lubrifiants","9":"first","10":"outofstock","11":"shipping-taxable","12":"product-type-simple"},"acf":[],"_links":{"self":[{"href":"https:\/\/www.atassrl.it\/fr\/wp-json\/wp\/v2\/product\/3026","targetHints":{"allow":["GET"]}}],"collection":[{"href":"https:\/\/www.atassrl.it\/fr\/wp-json\/wp\/v2\/product"}],"about":[{"href":"https:\/\/www.atassrl.it\/fr\/wp-json\/wp\/v2\/types\/product"}],"wp:featuredmedia":[{"embeddable":true,"href":"https:\/\/www.atassrl.it\/fr\/wp-json\/wp\/v2\/media\/8440"}],"wp:attachment":[{"href":"https:\/\/www.atassrl.it\/fr\/wp-json\/wp\/v2\/media?parent=3026"}],"wp:term":[{"taxonomy":"product_brand","embeddable":true,"href":"https:\/\/www.atassrl.it\/fr\/wp-json\/wp\/v2\/product_brand?post=3026"},{"taxonomy":"product_cat","embeddable":true,"href":"https:\/\/www.atassrl.it\/fr\/wp-json\/wp\/v2\/product_cat?post=3026"},{"taxonomy":"product_tag","embeddable":true,"href":"https:\/\/www.atassrl.it\/fr\/wp-json\/wp\/v2\/product_tag?post=3026"}],"curies":[{"name":"wp","href":"https:\/\/api.w.org\/{rel}","templated":true}]}}