{"id":3038,"date":"2019-07-08T15:31:15","date_gmt":"2019-07-08T13:31:15","guid":{"rendered":"http:\/\/atas.devsrvr.net\/prodotto\/kr100\/"},"modified":"2022-07-04T11:21:04","modified_gmt":"2022-07-04T09:21:04","slug":"kr100","status":"publish","type":"product","link":"https:\/\/www.atassrl.it\/fr\/prodotto\/kr100\/","title":{"rendered":"KR100"},"content":{"rendered":"<div class=\"page\" title=\"Page 38\">\n<div class=\"section\">\n<div class=\"layoutArea\">\n<div class=\"column\">\n<p style=\"font-weight: 400;\">Nouveau produit multifonctionnel adress\u00e9 \u00e0 la fois au secteur professionnel et industriel et \u00e0 la maison \/ bricolage. Il nettoie en \u00e9liminant les huiles et les graisses, polit, renouvelle et ravive les surfaces. Lubrifie, d\u00e9visse et d\u00e9verrouille les engrenages, vis et boulons rouill\u00e9s. Il p\u00e9n\u00e8tre profond\u00e9ment dans les m\u00e9canismes incrust\u00e9s en \u00e9liminant les frottements et les grincements. Anticorrosif, antioxydant, il \u00e9vite l&rsquo;action agressive de la rouille, des agents atmosph\u00e9riques, de l&rsquo;eau de mer et du sel, des acides et des alcalis. Hydrofuge protecteur, il \u00e9limine l&rsquo;humidit\u00e9 et r\u00e9active les contacts \u00e9lectriques.<\/p>\n<\/div>\n<\/div>\n<\/div>\n<\/div>\n","protected":false},"excerpt":{"rendered":"<div class=\"page\" title=\"Page 38\">\n<div class=\"section\">\n<div class=\"layoutArea\">\n<div class=\"column\">\n<p style=\"font-weight: 400;\"><strong>PRODUIT POLYVALENT<\/strong><\/p>\n<\/div>\n<\/div>\n<\/div>\n<\/div>\n","protected":false},"featured_media":8404,"template":"","meta":{"_acf_changed":false,"_seopress_robots_primary_cat":"","_seopress_titles_title":"","_seopress_titles_desc":"","_seopress_robots_index":"","_seopress_analysis_target_kw":""},"product_brand":[],"product_cat":[214,184],"product_tag":[],"class_list":{"0":"post-3038","1":"product","2":"type-product","3":"status-publish","4":"has-post-thumbnail","6":"product_cat-entretien","7":"product_cat-linea-atascar-fr","9":"first","10":"instock","11":"shipping-taxable","12":"product-type-variable"},"acf":[],"_links":{"self":[{"href":"https:\/\/www.atassrl.it\/fr\/wp-json\/wp\/v2\/product\/3038","targetHints":{"allow":["GET"]}}],"collection":[{"href":"https:\/\/www.atassrl.it\/fr\/wp-json\/wp\/v2\/product"}],"about":[{"href":"https:\/\/www.atassrl.it\/fr\/wp-json\/wp\/v2\/types\/product"}],"wp:featuredmedia":[{"embeddable":true,"href":"https:\/\/www.atassrl.it\/fr\/wp-json\/wp\/v2\/media\/8404"}],"wp:attachment":[{"href":"https:\/\/www.atassrl.it\/fr\/wp-json\/wp\/v2\/media?parent=3038"}],"wp:term":[{"taxonomy":"product_brand","embeddable":true,"href":"https:\/\/www.atassrl.it\/fr\/wp-json\/wp\/v2\/product_brand?post=3038"},{"taxonomy":"product_cat","embeddable":true,"href":"https:\/\/www.atassrl.it\/fr\/wp-json\/wp\/v2\/product_cat?post=3038"},{"taxonomy":"product_tag","embeddable":true,"href":"https:\/\/www.atassrl.it\/fr\/wp-json\/wp\/v2\/product_tag?post=3038"}],"curies":[{"name":"wp","href":"https:\/\/api.w.org\/{rel}","templated":true}]}}