{"id":3041,"date":"2019-07-08T15:40:56","date_gmt":"2019-07-08T13:40:56","guid":{"rendered":"http:\/\/atas.devsrvr.net\/prodotto\/siling\/"},"modified":"2022-07-15T10:52:04","modified_gmt":"2022-07-15T08:52:04","slug":"siling","status":"publish","type":"product","link":"https:\/\/www.atassrl.it\/fr\/prodotto\/siling\/","title":{"rendered":"SILING"},"content":{"rendered":"<div class=\"page\" title=\"Page 38\">\n<div class=\"section\">\n<div class=\"layoutArea\">\n<div class=\"column\">\n<p style=\"font-weight: 400;\">Nouvelle formulation \u00e0 haute teneur en silicones sp\u00e9ciaux qui, sans graisser, lubrifie en \u00e9liminant les frottements et les grincements. Il prot\u00e8ge en inhibant la formation d&rsquo;oxydations, restaure la conductivit\u00e9 \u00e9lectrique en repoussant l&rsquo;humidit\u00e9 et m\u00eame une petite pr\u00e9sence aqueuse. Polit, nourrit et ravive les pi\u00e8ces en caoutchouc et en plastique. Avec action antistatique et imperm\u00e9abilisante.<\/p>\n<\/div>\n<\/div>\n<\/div>\n<\/div>\n","protected":false},"excerpt":{"rendered":"<div class=\"page\" title=\"Page 38\">\n<div class=\"section\">\n<div class=\"layoutArea\">\n<div class=\"column\">LUBRIFIANT AU SILICONE<\/div>\n<\/div>\n<\/div>\n<\/div>\n","protected":false},"featured_media":8399,"template":"","meta":{"_acf_changed":false,"_seopress_robots_primary_cat":"","_seopress_titles_title":"","_seopress_titles_desc":"","_seopress_robots_index":"","_seopress_analysis_target_kw":""},"product_brand":[],"product_cat":[214,184,207],"product_tag":[],"class_list":{"0":"post-3041","1":"product","2":"type-product","3":"status-publish","4":"has-post-thumbnail","6":"product_cat-entretien","7":"product_cat-linea-atascar-fr","8":"product_cat-lubrifiants","10":"first","11":"instock","12":"shipping-taxable","13":"product-type-simple"},"acf":[],"_links":{"self":[{"href":"https:\/\/www.atassrl.it\/fr\/wp-json\/wp\/v2\/product\/3041","targetHints":{"allow":["GET"]}}],"collection":[{"href":"https:\/\/www.atassrl.it\/fr\/wp-json\/wp\/v2\/product"}],"about":[{"href":"https:\/\/www.atassrl.it\/fr\/wp-json\/wp\/v2\/types\/product"}],"wp:featuredmedia":[{"embeddable":true,"href":"https:\/\/www.atassrl.it\/fr\/wp-json\/wp\/v2\/media\/8399"}],"wp:attachment":[{"href":"https:\/\/www.atassrl.it\/fr\/wp-json\/wp\/v2\/media?parent=3041"}],"wp:term":[{"taxonomy":"product_brand","embeddable":true,"href":"https:\/\/www.atassrl.it\/fr\/wp-json\/wp\/v2\/product_brand?post=3041"},{"taxonomy":"product_cat","embeddable":true,"href":"https:\/\/www.atassrl.it\/fr\/wp-json\/wp\/v2\/product_cat?post=3041"},{"taxonomy":"product_tag","embeddable":true,"href":"https:\/\/www.atassrl.it\/fr\/wp-json\/wp\/v2\/product_tag?post=3041"}],"curies":[{"name":"wp","href":"https:\/\/api.w.org\/{rel}","templated":true}]}}