{"id":3056,"date":"2019-07-08T15:54:14","date_gmt":"2019-07-08T13:54:14","guid":{"rendered":"http:\/\/atas.devsrvr.net\/prodotto\/pulibike\/"},"modified":"2022-07-04T10:56:49","modified_gmt":"2022-07-04T08:56:49","slug":"pulibike","status":"publish","type":"product","link":"https:\/\/www.atassrl.it\/fr\/prodotto\/pulibike\/","title":{"rendered":"PULIBIKE"},"content":{"rendered":"<div class=\"page\" title=\"Page 40\">\n<div class=\"section\">\n<div class=\"layoutArea\">\n<div class=\"column\">\n<p style=\"font-weight: 400;\">D\u00e9tergent moussant faiblement alcalin sp\u00e9cifique pour \u00e9liminer en toute s\u00e9curit\u00e9 les boues et graisses m\u00eame incrust\u00e9es de cha\u00eenes, moyeux, rapports, cadres, blocs moteurs et pi\u00e8ces m\u00e9caniques en g\u00e9n\u00e9ral de v\u00e9los, scooters et motos. Correctement dilu\u00e9, il peut \u00e9galement \u00eatre utilis\u00e9 pour le nettoyage des car\u00e9nages. Disponible \u00e0 la fois dans la version concentr\u00e9e, diluable dans l&rsquo;eau jusqu&rsquo;\u00e0 20%, et dans la version pr\u00eate \u00e0 l&#8217;emploi avec g\u00e2chette.<\/p>\n<\/div>\n<\/div>\n<\/div>\n<\/div>\n","protected":false},"excerpt":{"rendered":"<div class=\"page\" title=\"Page 40\">\n<div class=\"section\">\n<div class=\"layoutArea\">\n<div class=\"column\">\n<p>DE\u0301GRAISSEUR VE\u0301LO ET MOTOCYCLETTE<\/p>\n<\/div>\n<\/div>\n<\/div>\n<\/div>\n","protected":false},"featured_media":8310,"template":"","meta":{"_acf_changed":false,"_seopress_robots_primary_cat":"","_seopress_titles_title":"","_seopress_titles_desc":"","_seopress_robots_index":"","_seopress_analysis_target_kw":""},"product_brand":[],"product_cat":[184,217],"product_tag":[],"class_list":{"0":"post-3056","1":"product","2":"type-product","3":"status-publish","4":"has-post-thumbnail","6":"product_cat-linea-atascar-fr","7":"product_cat-motos-et-velos","9":"first","10":"instock","11":"shipping-taxable","12":"product-type-variable"},"acf":[],"_links":{"self":[{"href":"https:\/\/www.atassrl.it\/fr\/wp-json\/wp\/v2\/product\/3056","targetHints":{"allow":["GET"]}}],"collection":[{"href":"https:\/\/www.atassrl.it\/fr\/wp-json\/wp\/v2\/product"}],"about":[{"href":"https:\/\/www.atassrl.it\/fr\/wp-json\/wp\/v2\/types\/product"}],"wp:featuredmedia":[{"embeddable":true,"href":"https:\/\/www.atassrl.it\/fr\/wp-json\/wp\/v2\/media\/8310"}],"wp:attachment":[{"href":"https:\/\/www.atassrl.it\/fr\/wp-json\/wp\/v2\/media?parent=3056"}],"wp:term":[{"taxonomy":"product_brand","embeddable":true,"href":"https:\/\/www.atassrl.it\/fr\/wp-json\/wp\/v2\/product_brand?post=3056"},{"taxonomy":"product_cat","embeddable":true,"href":"https:\/\/www.atassrl.it\/fr\/wp-json\/wp\/v2\/product_cat?post=3056"},{"taxonomy":"product_tag","embeddable":true,"href":"https:\/\/www.atassrl.it\/fr\/wp-json\/wp\/v2\/product_tag?post=3056"}],"curies":[{"name":"wp","href":"https:\/\/api.w.org\/{rel}","templated":true}]}}