{"id":3086,"date":"2019-07-08T16:03:54","date_gmt":"2019-07-08T14:03:54","guid":{"rendered":"http:\/\/atas.devsrvr.net\/prodotto\/blokar-max\/"},"modified":"2022-07-04T10:04:50","modified_gmt":"2022-07-04T08:04:50","slug":"blokar-max","status":"publish","type":"product","link":"https:\/\/www.atassrl.it\/fr\/prodotto\/blokar-max\/","title":{"rendered":"BLOKAR MAX"},"content":{"rendered":"<div class=\"page\" title=\"Page 41\">\n<div class=\"layoutArea\">\n<div class=\"column\">\n<p style=\"font-weight: 400;\">Fluide de qualit\u00e9 garantie, adapt\u00e9 aux syst\u00e8mes de freinage traditionnels (disque et tambour) et surtout aux syst\u00e8mes plus avanc\u00e9s technologiquement comme A B S et dans tous les cas o\u00f9 le syst\u00e8me de freinage est souvent soumis \u00e0 de fortes sollicitations. Il garantit toujours un freinage puissant et s\u00fbr \u00e0 basse comme \u00e0 haute temp\u00e9rature, n&rsquo;alt\u00e8re pas les m\u00e9taux qui composent le circuit de freinage et ne gonfle pas les patins en caoutchouc. Point d&rsquo;\u00e9bullition 268\u00b0C, apr\u00e8s humidification 188\u00b0C. Point de cong\u00e9lation -50\u00b0C.<\/p>\n<\/div>\n<\/div>\n<\/div>\n","protected":false},"excerpt":{"rendered":"<div class=\"page\" title=\"Page 41\">\n<div class=\"layoutArea\">\n<div class=\"column\">\n<div><span lang=\"DE\">LIQUIDE DE FREIN DOT5<\/span><\/div>\n<\/div>\n<\/div>\n<\/div>\n","protected":false},"featured_media":8236,"template":"","meta":{"_acf_changed":false,"_seopress_robots_primary_cat":"","_seopress_titles_title":"","_seopress_titles_desc":"","_seopress_robots_index":"","_seopress_analysis_target_kw":""},"product_brand":[],"product_cat":[214,184],"product_tag":[],"class_list":{"0":"post-3086","1":"product","2":"type-product","3":"status-publish","4":"has-post-thumbnail","6":"product_cat-entretien","7":"product_cat-linea-atascar-fr","9":"first","10":"instock","11":"shipping-taxable","12":"product-type-simple"},"acf":[],"_links":{"self":[{"href":"https:\/\/www.atassrl.it\/fr\/wp-json\/wp\/v2\/product\/3086","targetHints":{"allow":["GET"]}}],"collection":[{"href":"https:\/\/www.atassrl.it\/fr\/wp-json\/wp\/v2\/product"}],"about":[{"href":"https:\/\/www.atassrl.it\/fr\/wp-json\/wp\/v2\/types\/product"}],"wp:featuredmedia":[{"embeddable":true,"href":"https:\/\/www.atassrl.it\/fr\/wp-json\/wp\/v2\/media\/8236"}],"wp:attachment":[{"href":"https:\/\/www.atassrl.it\/fr\/wp-json\/wp\/v2\/media?parent=3086"}],"wp:term":[{"taxonomy":"product_brand","embeddable":true,"href":"https:\/\/www.atassrl.it\/fr\/wp-json\/wp\/v2\/product_brand?post=3086"},{"taxonomy":"product_cat","embeddable":true,"href":"https:\/\/www.atassrl.it\/fr\/wp-json\/wp\/v2\/product_cat?post=3086"},{"taxonomy":"product_tag","embeddable":true,"href":"https:\/\/www.atassrl.it\/fr\/wp-json\/wp\/v2\/product_tag?post=3086"}],"curies":[{"name":"wp","href":"https:\/\/api.w.org\/{rel}","templated":true}]}}