{"id":3101,"date":"2019-07-08T16:15:07","date_gmt":"2019-07-08T14:15:07","guid":{"rendered":"http:\/\/atas.devsrvr.net\/prodotto\/raino\/"},"modified":"2022-07-01T17:45:09","modified_gmt":"2022-07-01T15:45:09","slug":"raino","status":"publish","type":"product","link":"https:\/\/www.atassrl.it\/fr\/prodotto\/raino\/","title":{"rendered":"RAINO"},"content":{"rendered":"<div class=\"page\" title=\"Page 43\">\n<div class=\"layoutArea\">\n<div class=\"column\">\n<p style=\"font-weight: 400;\">D&rsquo;une double action, il nettoie en \u00e9liminant la salet\u00e9, les r\u00e9sidus d&rsquo;insectes et les moucherons. En saison hivernale, utilis\u00e9 pur dans le bac d\u00e9di\u00e9, il garantit une protection hors gel jusqu&rsquo;\u00e0 -20\u00b0C.<\/p>\n<\/div>\n<\/div>\n<\/div>\n","protected":false},"excerpt":{"rendered":"<div class=\"page\" title=\"Page 43\">\n<div class=\"layoutArea\">\n<div class=\"column\">\n<div><b><span lang=\"DE\">D\u00c9TERGENT ANTIGEL -20\u00b0<\/span><\/b><\/div>\n<\/div>\n<\/div>\n<\/div>\n","protected":false},"featured_media":8160,"template":"","meta":{"_acf_changed":false,"_seopress_robots_primary_cat":"","_seopress_titles_title":"","_seopress_titles_desc":"","_seopress_robots_index":"","_seopress_analysis_target_kw":""},"product_brand":[],"product_cat":[184],"product_tag":[],"class_list":{"0":"post-3101","1":"product","2":"type-product","3":"status-publish","4":"has-post-thumbnail","6":"product_cat-linea-atascar-fr","8":"first","9":"instock","10":"shipping-taxable","11":"product-type-simple"},"acf":[],"_links":{"self":[{"href":"https:\/\/www.atassrl.it\/fr\/wp-json\/wp\/v2\/product\/3101","targetHints":{"allow":["GET"]}}],"collection":[{"href":"https:\/\/www.atassrl.it\/fr\/wp-json\/wp\/v2\/product"}],"about":[{"href":"https:\/\/www.atassrl.it\/fr\/wp-json\/wp\/v2\/types\/product"}],"wp:featuredmedia":[{"embeddable":true,"href":"https:\/\/www.atassrl.it\/fr\/wp-json\/wp\/v2\/media\/8160"}],"wp:attachment":[{"href":"https:\/\/www.atassrl.it\/fr\/wp-json\/wp\/v2\/media?parent=3101"}],"wp:term":[{"taxonomy":"product_brand","embeddable":true,"href":"https:\/\/www.atassrl.it\/fr\/wp-json\/wp\/v2\/product_brand?post=3101"},{"taxonomy":"product_cat","embeddable":true,"href":"https:\/\/www.atassrl.it\/fr\/wp-json\/wp\/v2\/product_cat?post=3101"},{"taxonomy":"product_tag","embeddable":true,"href":"https:\/\/www.atassrl.it\/fr\/wp-json\/wp\/v2\/product_tag?post=3101"}],"curies":[{"name":"wp","href":"https:\/\/api.w.org\/{rel}","templated":true}]}}