{"id":3107,"date":"2019-07-08T16:23:47","date_gmt":"2019-07-08T14:23:47","guid":{"rendered":"http:\/\/atas.devsrvr.net\/prodotto\/nil\/"},"modified":"2022-07-06T17:53:48","modified_gmt":"2022-07-06T15:53:48","slug":"nil","status":"publish","type":"product","link":"https:\/\/www.atassrl.it\/fr\/prodotto\/nil\/","title":{"rendered":"NIL"},"content":{"rendered":"<div class=\"page\" title=\"Page 44\">\n<div class=\"layoutArea\">\n<div class=\"column\">\n<p style=\"font-weight: 400;\">Agr\u00e9ablement parfum\u00e9, gr\u00e2ce \u00e0 sa haute viscosit\u00e9 il \u00e9limine facilement les salissures laissant la peau douce gr\u00e2ce aux prot\u00e9ines v\u00e9g\u00e9tales qu&rsquo;il contient. Exempte de phosphore et d&rsquo;abrasifs, elle est formul\u00e9e au Ph \u00e9pidermique. La version \u00ab FE \u00bb convient aux restaurants, h\u00f4tels, bars et usage domestique\u2026 (formules d\u00e9pos\u00e9es aupr\u00e8s du Minist\u00e8re de la Sant\u00e9 Publique).<\/p>\n<\/div>\n<\/div>\n<\/div>\n","protected":false},"excerpt":{"rendered":"<div class=\"page\" title=\"Page 44\">\n<div class=\"layoutArea\">\n<div class=\"column\">\n<div><span lang=\"DE\">LAVE-MAINS LIQUIDE<\/span><\/div>\n<\/div>\n<\/div>\n<\/div>\n","protected":false},"featured_media":8942,"template":"","meta":{"_acf_changed":false,"_seopress_robots_primary_cat":"","_seopress_titles_title":"","_seopress_titles_desc":"","_seopress_robots_index":"","_seopress_analysis_target_kw":""},"product_brand":[],"product_cat":[203,184],"product_tag":[],"class_list":{"0":"post-3107","1":"product","2":"type-product","3":"status-publish","4":"has-post-thumbnail","6":"product_cat-lave-mains","7":"product_cat-linea-atascar-fr","9":"first","10":"instock","11":"shipping-taxable","12":"product-type-simple"},"acf":[],"_links":{"self":[{"href":"https:\/\/www.atassrl.it\/fr\/wp-json\/wp\/v2\/product\/3107","targetHints":{"allow":["GET"]}}],"collection":[{"href":"https:\/\/www.atassrl.it\/fr\/wp-json\/wp\/v2\/product"}],"about":[{"href":"https:\/\/www.atassrl.it\/fr\/wp-json\/wp\/v2\/types\/product"}],"wp:featuredmedia":[{"embeddable":true,"href":"https:\/\/www.atassrl.it\/fr\/wp-json\/wp\/v2\/media\/8942"}],"wp:attachment":[{"href":"https:\/\/www.atassrl.it\/fr\/wp-json\/wp\/v2\/media?parent=3107"}],"wp:term":[{"taxonomy":"product_brand","embeddable":true,"href":"https:\/\/www.atassrl.it\/fr\/wp-json\/wp\/v2\/product_brand?post=3107"},{"taxonomy":"product_cat","embeddable":true,"href":"https:\/\/www.atassrl.it\/fr\/wp-json\/wp\/v2\/product_cat?post=3107"},{"taxonomy":"product_tag","embeddable":true,"href":"https:\/\/www.atassrl.it\/fr\/wp-json\/wp\/v2\/product_tag?post=3107"}],"curies":[{"name":"wp","href":"https:\/\/api.w.org\/{rel}","templated":true}]}}