{"id":3119,"date":"2019-07-08T16:30:09","date_gmt":"2019-07-08T14:30:09","guid":{"rendered":"http:\/\/atas.devsrvr.net\/prodotto\/candigel\/"},"modified":"2022-07-06T18:01:03","modified_gmt":"2022-07-06T16:01:03","slug":"candigel","status":"publish","type":"product","link":"https:\/\/www.atassrl.it\/fr\/prodotto\/candigel\/","title":{"rendered":"CANDIGEL"},"content":{"rendered":"<div class=\"page\" title=\"Page 44\">\n<div class=\"layoutArea\">\n<div class=\"column\">\n<p style=\"font-weight: 400;\">Formule concentr\u00e9e au pH neutre qui dissout en profondeur les r\u00e9sidus de graisse et de peinture. Il contient des substances particuli\u00e8res \u00e0 action \u00e9molliente pour une protection efficace de la peau. A utiliser avec le doseur sp\u00e9cial (formule d\u00e9pos\u00e9e au Minist\u00e8re de la Sant\u00e9 Publique).<\/p>\n<\/div>\n<\/div>\n<\/div>\n","protected":false},"excerpt":{"rendered":"<div class=\"page\" title=\"Page 44\">\n<div class=\"layoutArea\">\n<div class=\"column\">\n<div><span lang=\"EN-GB\">GEL LAVANT POUR LES MAINS<\/span><\/div>\n<\/div>\n<\/div>\n<\/div>\n","protected":false},"featured_media":8947,"template":"","meta":{"_acf_changed":false,"_seopress_robots_primary_cat":"","_seopress_titles_title":"","_seopress_titles_desc":"","_seopress_robots_index":"","_seopress_analysis_target_kw":""},"product_brand":[],"product_cat":[203,184],"product_tag":[],"class_list":{"0":"post-3119","1":"product","2":"type-product","3":"status-publish","4":"has-post-thumbnail","6":"product_cat-lave-mains","7":"product_cat-linea-atascar-fr","9":"first","10":"instock","11":"shipping-taxable","12":"product-type-simple"},"acf":[],"_links":{"self":[{"href":"https:\/\/www.atassrl.it\/fr\/wp-json\/wp\/v2\/product\/3119","targetHints":{"allow":["GET"]}}],"collection":[{"href":"https:\/\/www.atassrl.it\/fr\/wp-json\/wp\/v2\/product"}],"about":[{"href":"https:\/\/www.atassrl.it\/fr\/wp-json\/wp\/v2\/types\/product"}],"wp:featuredmedia":[{"embeddable":true,"href":"https:\/\/www.atassrl.it\/fr\/wp-json\/wp\/v2\/media\/8947"}],"wp:attachment":[{"href":"https:\/\/www.atassrl.it\/fr\/wp-json\/wp\/v2\/media?parent=3119"}],"wp:term":[{"taxonomy":"product_brand","embeddable":true,"href":"https:\/\/www.atassrl.it\/fr\/wp-json\/wp\/v2\/product_brand?post=3119"},{"taxonomy":"product_cat","embeddable":true,"href":"https:\/\/www.atassrl.it\/fr\/wp-json\/wp\/v2\/product_cat?post=3119"},{"taxonomy":"product_tag","embeddable":true,"href":"https:\/\/www.atassrl.it\/fr\/wp-json\/wp\/v2\/product_tag?post=3119"}],"curies":[{"name":"wp","href":"https:\/\/api.w.org\/{rel}","templated":true}]}}