{"id":3122,"date":"2019-07-08T16:32:42","date_gmt":"2019-07-08T14:32:42","guid":{"rendered":"http:\/\/atas.devsrvr.net\/prodotto\/drygen\/"},"modified":"2022-07-06T16:41:14","modified_gmt":"2022-07-06T14:41:14","slug":"drygen","status":"publish","type":"product","link":"https:\/\/www.atassrl.it\/fr\/prodotto\/drygen\/","title":{"rendered":"DRYGEN"},"content":{"rendered":"<div class=\"page\" title=\"Page 45\">\n<div class=\"layoutArea\">\n<div class=\"column\">\n<p style=\"font-weight: 400;\">Indispensable pour les voyageurs, il nettoie et hygi\u00e9nise rapidement et efficacement sans eau. Il s\u00e8che rapidement sans laisser de r\u00e9sidus, laissant la peau douce et d\u00e9licatement parfum\u00e9e. (Formule d\u00e9pos\u00e9e aupr\u00e8s du Minist\u00e8re de la Sant\u00e9 Publique).<\/p>\n<\/div>\n<\/div>\n<\/div>\n","protected":false},"excerpt":{"rendered":"<div class=\"page\" title=\"Page 45\">\n<div class=\"layoutArea\">\n<div class=\"column\">\n<div><span lang=\"DE\">GEL HYGI\u00c9NISANT POUR LES MAINS<\/span><\/div>\n<\/div>\n<\/div>\n<\/div>\n","protected":false},"featured_media":8880,"template":"","meta":{"_acf_changed":false,"_seopress_robots_primary_cat":"","_seopress_titles_title":"","_seopress_titles_desc":"","_seopress_robots_index":"","_seopress_analysis_target_kw":""},"product_brand":[],"product_cat":[392,253,184],"product_tag":[],"class_list":{"0":"post-3122","1":"product","2":"type-product","3":"status-publish","4":"has-post-thumbnail","6":"product_cat-agent-assainissant","7":"product_cat-lave-mains-fr","8":"product_cat-linea-atascar-fr","10":"first","11":"instock","12":"shipping-taxable","13":"product-type-variable"},"acf":[],"_links":{"self":[{"href":"https:\/\/www.atassrl.it\/fr\/wp-json\/wp\/v2\/product\/3122","targetHints":{"allow":["GET"]}}],"collection":[{"href":"https:\/\/www.atassrl.it\/fr\/wp-json\/wp\/v2\/product"}],"about":[{"href":"https:\/\/www.atassrl.it\/fr\/wp-json\/wp\/v2\/types\/product"}],"wp:featuredmedia":[{"embeddable":true,"href":"https:\/\/www.atassrl.it\/fr\/wp-json\/wp\/v2\/media\/8880"}],"wp:attachment":[{"href":"https:\/\/www.atassrl.it\/fr\/wp-json\/wp\/v2\/media?parent=3122"}],"wp:term":[{"taxonomy":"product_brand","embeddable":true,"href":"https:\/\/www.atassrl.it\/fr\/wp-json\/wp\/v2\/product_brand?post=3122"},{"taxonomy":"product_cat","embeddable":true,"href":"https:\/\/www.atassrl.it\/fr\/wp-json\/wp\/v2\/product_cat?post=3122"},{"taxonomy":"product_tag","embeddable":true,"href":"https:\/\/www.atassrl.it\/fr\/wp-json\/wp\/v2\/product_tag?post=3122"}],"curies":[{"name":"wp","href":"https:\/\/api.w.org\/{rel}","templated":true}]}}