{"id":3143,"date":"2019-07-08T16:44:22","date_gmt":"2019-07-08T14:44:22","guid":{"rendered":"http:\/\/atas.devsrvr.net\/prodotto\/dimer\/"},"modified":"2022-07-06T18:06:00","modified_gmt":"2022-07-06T16:06:00","slug":"dimer","status":"publish","type":"product","link":"https:\/\/www.atassrl.it\/fr\/prodotto\/dimer\/","title":{"rendered":"DIMER"},"content":{"rendered":"<div class=\"page\" title=\"Page 46\">\n<div class=\"layoutArea\">\n<div class=\"column\">\n<p style=\"font-weight: 400;\">Sa base alcaline dissout instantan\u00e9ment la salet\u00e9 grasse organique et inorganique, les taches de sang, le smog, les r\u00e9sidus d&rsquo;huile et la terre. Convient au lavage de poids lourds, conteneurs, camions frigorifiques, b\u00e2ches. Correctement dilu\u00e9, il est \u00e9galement recommand\u00e9 pour le lavage des pi\u00e8ces m\u00e9caniques. Sur les surfaces en aluminium, \u00e9viter tout contact prolong\u00e9, ne convient pas aux motos et v\u00e9los.<\/p>\n<\/div>\n<\/div>\n<\/div>\n","protected":false},"excerpt":{"rendered":"<div class=\"page\" title=\"Page 46\">\n<div class=\"layoutArea\">\n<div class=\"column\">\n<p style=\"font-weight: 400;\">D\u00c9TERGENT EXTERNE SUPER CONCENTR\u00c9 &#8211; DEUX COMPOSANTS<\/p>\n<\/div>\n<\/div>\n<\/div>\n","protected":false},"featured_media":8982,"template":"","meta":{"_acf_changed":false,"_seopress_robots_primary_cat":"","_seopress_titles_title":"","_seopress_titles_desc":"","_seopress_robots_index":"","_seopress_analysis_target_kw":""},"product_brand":[],"product_cat":[184],"product_tag":[],"class_list":{"0":"post-3143","1":"product","2":"type-product","3":"status-publish","4":"has-post-thumbnail","6":"product_cat-linea-atascar-fr","8":"first","9":"instock","10":"shipping-taxable","11":"product-type-variable"},"acf":[],"_links":{"self":[{"href":"https:\/\/www.atassrl.it\/fr\/wp-json\/wp\/v2\/product\/3143","targetHints":{"allow":["GET"]}}],"collection":[{"href":"https:\/\/www.atassrl.it\/fr\/wp-json\/wp\/v2\/product"}],"about":[{"href":"https:\/\/www.atassrl.it\/fr\/wp-json\/wp\/v2\/types\/product"}],"wp:featuredmedia":[{"embeddable":true,"href":"https:\/\/www.atassrl.it\/fr\/wp-json\/wp\/v2\/media\/8982"}],"wp:attachment":[{"href":"https:\/\/www.atassrl.it\/fr\/wp-json\/wp\/v2\/media?parent=3143"}],"wp:term":[{"taxonomy":"product_brand","embeddable":true,"href":"https:\/\/www.atassrl.it\/fr\/wp-json\/wp\/v2\/product_brand?post=3143"},{"taxonomy":"product_cat","embeddable":true,"href":"https:\/\/www.atassrl.it\/fr\/wp-json\/wp\/v2\/product_cat?post=3143"},{"taxonomy":"product_tag","embeddable":true,"href":"https:\/\/www.atassrl.it\/fr\/wp-json\/wp\/v2\/product_tag?post=3143"}],"curies":[{"name":"wp","href":"https:\/\/api.w.org\/{rel}","templated":true}]}}