{"id":3146,"date":"2019-07-08T16:47:43","date_gmt":"2019-07-08T14:47:43","guid":{"rendered":"http:\/\/atas.devsrvr.net\/prodotto\/rial-2000\/"},"modified":"2022-07-06T18:09:20","modified_gmt":"2022-07-06T16:09:20","slug":"rial-2000","status":"publish","type":"product","link":"https:\/\/www.atassrl.it\/fr\/prodotto\/rial-2000\/","title":{"rendered":"RIAL 2000"},"content":{"rendered":"<div class=\"page\" title=\"Page 46\">\n<div class=\"layoutArea\">\n<div class=\"column\">\n<p style=\"font-weight: 400;\">Le seul nettoyant monocouche qui \u00e9gale les performances des bi-composants. Avec un tr\u00e8s haut pouvoir nettoyant, il \u00e9limine tout type de salet\u00e9 sans brossage. Facilement rinc\u00e9 avec une action antistatique, il n&rsquo;alt\u00e8re pas les parties trait\u00e9es. Convient pour les v\u00e9hicules lourds, les b\u00e2ches, les conteneurs de voitures et pour le d\u00e9graissage des pi\u00e8ces m\u00e9caniques en g\u00e9n\u00e9ral. Il assure d&rsquo;excellents r\u00e9sultats m\u00eame en pr\u00e9sence d&rsquo;eau riche en sels ou recycl\u00e9e. En pr\u00e9sence de temp\u00e9ratures \u00e9lev\u00e9es et de profils, op\u00e9rer sur des surfaces refroidies. Dilution : 1:80 &#8211; 100 pour les pr\u00e9lavages ; 1:40 &#8211; 60 pour une d\u00e9tergence normale\u00a0; 1\u00a0: 8 &#8211; 12 pour les jantes et les moteurs.<\/p>\n<\/div>\n<\/div>\n<\/div>\n","protected":false},"excerpt":{"rendered":"<div class=\"page\" title=\"Page 46\">\n<div class=\"layoutArea\">\n<div class=\"column\">\n<div><span lang=\"DE\">SUPER D\u00c9TERGENT EXT\u00c9RIEUR MONOPHAS\u00c9<\/span><\/div>\n<\/div>\n<\/div>\n<\/div>\n","protected":false},"featured_media":8972,"template":"","meta":{"_acf_changed":false,"_seopress_robots_primary_cat":"","_seopress_titles_title":"","_seopress_titles_desc":"","_seopress_robots_index":"","_seopress_analysis_target_kw":""},"product_brand":[],"product_cat":[184],"product_tag":[],"class_list":{"0":"post-3146","1":"product","2":"type-product","3":"status-publish","4":"has-post-thumbnail","6":"product_cat-linea-atascar-fr","8":"first","9":"instock","10":"shipping-taxable","11":"product-type-simple"},"acf":[],"_links":{"self":[{"href":"https:\/\/www.atassrl.it\/fr\/wp-json\/wp\/v2\/product\/3146","targetHints":{"allow":["GET"]}}],"collection":[{"href":"https:\/\/www.atassrl.it\/fr\/wp-json\/wp\/v2\/product"}],"about":[{"href":"https:\/\/www.atassrl.it\/fr\/wp-json\/wp\/v2\/types\/product"}],"wp:featuredmedia":[{"embeddable":true,"href":"https:\/\/www.atassrl.it\/fr\/wp-json\/wp\/v2\/media\/8972"}],"wp:attachment":[{"href":"https:\/\/www.atassrl.it\/fr\/wp-json\/wp\/v2\/media?parent=3146"}],"wp:term":[{"taxonomy":"product_brand","embeddable":true,"href":"https:\/\/www.atassrl.it\/fr\/wp-json\/wp\/v2\/product_brand?post=3146"},{"taxonomy":"product_cat","embeddable":true,"href":"https:\/\/www.atassrl.it\/fr\/wp-json\/wp\/v2\/product_cat?post=3146"},{"taxonomy":"product_tag","embeddable":true,"href":"https:\/\/www.atassrl.it\/fr\/wp-json\/wp\/v2\/product_tag?post=3146"}],"curies":[{"name":"wp","href":"https:\/\/api.w.org\/{rel}","templated":true}]}}