{"id":3149,"date":"2019-07-08T16:50:51","date_gmt":"2019-07-08T14:50:51","guid":{"rendered":"http:\/\/atas.devsrvr.net\/prodotto\/vinet-2\/"},"modified":"2022-07-06T18:10:38","modified_gmt":"2022-07-06T16:10:38","slug":"vinet-2","status":"publish","type":"product","link":"https:\/\/www.atassrl.it\/fr\/prodotto\/vinet-2\/","title":{"rendered":"VINET"},"content":{"rendered":"<div class=\"page\" title=\"Page 46\">\n<div class=\"layoutArea\">\n<div class=\"column\">\n<p style=\"font-weight: 400;\">Produit faiblement moussant adapt\u00e9 au nettoyage et \u00e0 la d\u00e9sinfection des surfaces dures telles que les int\u00e9rieurs de voiture en plastique ou en bois\u00a0peint, stratifi\u00e9, laqu\u00e9, m\u00e9tal, plastique, sols d&rsquo;ateliers, machines-outils, filtres, hottes etc. Il peut \u00e9galement \u00eatre utilis\u00e9 pour d\u00e9graisser les moteurs et les pi\u00e8ces m\u00e9caniques en g\u00e9n\u00e9ral \u00e0 l&rsquo;ext\u00e9rieur. Fortement concentr\u00e9.<\/p>\n<\/div>\n<\/div>\n<\/div>\n","protected":false},"excerpt":{"rendered":"<div class=\"page\" title=\"Page 46\">\n<div class=\"layoutArea\">\n<div class=\"column\">\n<p>DE\u0301TERGENT LIQUIDE POLYVALENT<\/p>\n<\/div>\n<\/div>\n<\/div>\n","protected":false},"featured_media":2439,"template":"","meta":{"_acf_changed":false,"_seopress_robots_primary_cat":"","_seopress_titles_title":"","_seopress_titles_desc":"","_seopress_robots_index":"","_seopress_analysis_target_kw":""},"product_brand":[],"product_cat":[184],"product_tag":[],"class_list":{"0":"post-3149","1":"product","2":"type-product","3":"status-publish","4":"has-post-thumbnail","6":"product_cat-linea-atascar-fr","8":"first","9":"instock","10":"shipping-taxable","11":"product-type-simple"},"acf":[],"_links":{"self":[{"href":"https:\/\/www.atassrl.it\/fr\/wp-json\/wp\/v2\/product\/3149","targetHints":{"allow":["GET"]}}],"collection":[{"href":"https:\/\/www.atassrl.it\/fr\/wp-json\/wp\/v2\/product"}],"about":[{"href":"https:\/\/www.atassrl.it\/fr\/wp-json\/wp\/v2\/types\/product"}],"wp:featuredmedia":[{"embeddable":true,"href":"https:\/\/www.atassrl.it\/fr\/wp-json\/wp\/v2\/media\/2439"}],"wp:attachment":[{"href":"https:\/\/www.atassrl.it\/fr\/wp-json\/wp\/v2\/media?parent=3149"}],"wp:term":[{"taxonomy":"product_brand","embeddable":true,"href":"https:\/\/www.atassrl.it\/fr\/wp-json\/wp\/v2\/product_brand?post=3149"},{"taxonomy":"product_cat","embeddable":true,"href":"https:\/\/www.atassrl.it\/fr\/wp-json\/wp\/v2\/product_cat?post=3149"},{"taxonomy":"product_tag","embeddable":true,"href":"https:\/\/www.atassrl.it\/fr\/wp-json\/wp\/v2\/product_tag?post=3149"}],"curies":[{"name":"wp","href":"https:\/\/api.w.org\/{rel}","templated":true}]}}