{"id":3152,"date":"2019-07-08T16:56:28","date_gmt":"2019-07-08T14:56:28","guid":{"rendered":"http:\/\/atas.devsrvr.net\/prodotto\/proteo\/"},"modified":"2022-07-06T18:11:51","modified_gmt":"2022-07-06T16:11:51","slug":"proteo","status":"publish","type":"product","link":"https:\/\/www.atassrl.it\/fr\/prodotto\/proteo\/","title":{"rendered":"PROTEO"},"content":{"rendered":"<div class=\"page\" title=\"Page 47\">\n<div class=\"layoutArea\">\n<div class=\"column\">\n<p style=\"font-weight: 400;\">D\u00e9tergent \u00e0 faible alcalinit\u00e9 pour un nettoyage parfait et s\u00fbr des voitures, camionnettes, caravanes, camping-cars. Efficace sur la salet\u00e9 grasse, le smog, la terre et les r\u00e9sidus d&rsquo;huile, il n&rsquo;endommage pas les peintures, les moulures et les profil\u00e9s de toutes sortes. Facilement rinc\u00e9, il est sans danger m\u00eame \u00e0 des temp\u00e9ratures \u00e9lev\u00e9es. Il peut \u00eatre utilis\u00e9 dans les syst\u00e8mes de lavage \u00e0 brosse et pour le lavage manuel avec une \u00e9ponge ou une brosse. Convient \u00e9galement aux motos et scooters.<\/p>\n<\/div>\n<\/div>\n<\/div>\n","protected":false},"excerpt":{"rendered":"<div class=\"page\" title=\"Page 47\">\n<div class=\"layoutArea\">\n<div class=\"column\">\n<div><span lang=\"EN-GB\">PR\u00c9-LAVAGE \u00c0 FAIBLE ALCALINIT\u00c9<\/span><\/div>\n<\/div>\n<\/div>\n<\/div>\n","protected":false},"featured_media":8962,"template":"","meta":{"_acf_changed":false,"_seopress_robots_primary_cat":"","_seopress_titles_title":"","_seopress_titles_desc":"","_seopress_robots_index":"","_seopress_analysis_target_kw":""},"product_brand":[],"product_cat":[184],"product_tag":[],"class_list":{"0":"post-3152","1":"product","2":"type-product","3":"status-publish","4":"has-post-thumbnail","6":"product_cat-linea-atascar-fr","8":"first","9":"instock","10":"shipping-taxable","11":"product-type-simple"},"acf":[],"_links":{"self":[{"href":"https:\/\/www.atassrl.it\/fr\/wp-json\/wp\/v2\/product\/3152","targetHints":{"allow":["GET"]}}],"collection":[{"href":"https:\/\/www.atassrl.it\/fr\/wp-json\/wp\/v2\/product"}],"about":[{"href":"https:\/\/www.atassrl.it\/fr\/wp-json\/wp\/v2\/types\/product"}],"wp:featuredmedia":[{"embeddable":true,"href":"https:\/\/www.atassrl.it\/fr\/wp-json\/wp\/v2\/media\/8962"}],"wp:attachment":[{"href":"https:\/\/www.atassrl.it\/fr\/wp-json\/wp\/v2\/media?parent=3152"}],"wp:term":[{"taxonomy":"product_brand","embeddable":true,"href":"https:\/\/www.atassrl.it\/fr\/wp-json\/wp\/v2\/product_brand?post=3152"},{"taxonomy":"product_cat","embeddable":true,"href":"https:\/\/www.atassrl.it\/fr\/wp-json\/wp\/v2\/product_cat?post=3152"},{"taxonomy":"product_tag","embeddable":true,"href":"https:\/\/www.atassrl.it\/fr\/wp-json\/wp\/v2\/product_tag?post=3152"}],"curies":[{"name":"wp","href":"https:\/\/api.w.org\/{rel}","templated":true}]}}