{"id":3155,"date":"2019-07-08T16:59:04","date_gmt":"2019-07-08T14:59:04","guid":{"rendered":"http:\/\/atas.devsrvr.net\/prodotto\/deco\/"},"modified":"2022-07-06T18:07:07","modified_gmt":"2022-07-06T16:07:07","slug":"deco","status":"publish","type":"product","link":"https:\/\/www.atassrl.it\/fr\/prodotto\/deco\/","title":{"rendered":"DECO"},"content":{"rendered":"<div class=\"page\" title=\"Page 47\">\n<div class=\"layoutArea\">\n<div class=\"column\">\n<p style=\"font-weight: 400;\">L&rsquo;un de nos meilleurs vendeurs. Il \u00e9limine compl\u00e8tement la salet\u00e9 grasse et le smog. Convient \u00e9galement aux eaux dures, il contient des substances \u00e0 action antistatique et polissante. Valable \u00e9galement sur les self-service, tunnels, portails, pour le nettoyage des voitures, camions, roues et moteurs. En pr\u00e9sence de profil\u00e9s et de temp\u00e9ratures \u00e9lev\u00e9es, op\u00e9rer sur des surfaces refroidies. Ne pas utiliser sur les cycles et les motos. Utilisation : diluer avec de l&rsquo;eau dans la mesure 1\u00a0: 50-60 pour le pr\u00e9lavage ; 1\u00a0: 30-40 pour une d\u00e9tergence normale\u00a0; 1\u00a0: 6-10 pour les jantes et les moteurs.<\/p>\n<\/div>\n<\/div>\n<\/div>\n","protected":false},"excerpt":{"rendered":"<div class=\"page\" title=\"Page 47\">\n<div class=\"layoutArea\">\n<div class=\"column\">\n<div><span lang=\"ES\">D\u00c9TERGENT POUR LAVE-AUTO<\/span><\/div>\n<\/div>\n<\/div>\n<\/div>\n","protected":false},"featured_media":8977,"template":"","meta":{"_acf_changed":false,"_seopress_robots_primary_cat":"","_seopress_titles_title":"","_seopress_titles_desc":"","_seopress_robots_index":"","_seopress_analysis_target_kw":""},"product_brand":[],"product_cat":[184,781],"product_tag":[894],"class_list":{"0":"post-3155","1":"product","2":"type-product","3":"status-publish","4":"has-post-thumbnail","6":"product_cat-linea-atascar-fr","7":"product_cat-nettoyants-exterieurs","8":"product_tag-lavage","10":"first","11":"instock","12":"shipping-taxable","13":"product-type-simple"},"acf":[],"_links":{"self":[{"href":"https:\/\/www.atassrl.it\/fr\/wp-json\/wp\/v2\/product\/3155","targetHints":{"allow":["GET"]}}],"collection":[{"href":"https:\/\/www.atassrl.it\/fr\/wp-json\/wp\/v2\/product"}],"about":[{"href":"https:\/\/www.atassrl.it\/fr\/wp-json\/wp\/v2\/types\/product"}],"wp:featuredmedia":[{"embeddable":true,"href":"https:\/\/www.atassrl.it\/fr\/wp-json\/wp\/v2\/media\/8977"}],"wp:attachment":[{"href":"https:\/\/www.atassrl.it\/fr\/wp-json\/wp\/v2\/media?parent=3155"}],"wp:term":[{"taxonomy":"product_brand","embeddable":true,"href":"https:\/\/www.atassrl.it\/fr\/wp-json\/wp\/v2\/product_brand?post=3155"},{"taxonomy":"product_cat","embeddable":true,"href":"https:\/\/www.atassrl.it\/fr\/wp-json\/wp\/v2\/product_cat?post=3155"},{"taxonomy":"product_tag","embeddable":true,"href":"https:\/\/www.atassrl.it\/fr\/wp-json\/wp\/v2\/product_tag?post=3155"}],"curies":[{"name":"wp","href":"https:\/\/api.w.org\/{rel}","templated":true}]}}