{"id":3167,"date":"2019-07-08T17:26:06","date_gmt":"2019-07-08T15:26:06","guid":{"rendered":"http:\/\/atas.devsrvr.net\/prodotto\/proteo-2\/"},"modified":"2022-07-22T14:25:48","modified_gmt":"2022-07-22T12:25:48","slug":"proteo-2","status":"publish","type":"product","link":"https:\/\/www.atassrl.it\/fr\/prodotto\/proteo-2\/","title":{"rendered":"PROTEO"},"content":{"rendered":"<div class=\"page\" title=\"Page 7\">\n<div class=\"section\">\n<div class=\"layoutArea\">\n<div class=\"column\">\n<div><span lang=\"DE\">Produit moussant moyen de nouvelle g\u00e9n\u00e9ration pour le nettoyage en toute s\u00e9curit\u00e9 des voitures, caravanes et camping-cars recommand\u00e9 aussi bien pour le lavage manuel qu&rsquo;\u00e0 basse pression. <\/span><\/div>\n<div><span lang=\"ES\">Il ne ronge pas les profil\u00e9s, les moules, les pi\u00e8ces en plastique et en aluminium. Riche en substances \u00e9mollientes, il fait rapidement fondre la salet\u00e9 et laisse les surfaces propres et brillantes. Diluer dans l&rsquo;eau. La version V2 avec un actif mineur est \u00e9galement disponible.<\/span><\/div>\n<\/div>\n<\/div>\n<\/div>\n<\/div>\n","protected":false},"excerpt":{"rendered":"<div class=\"page\" title=\"Page 7\">\n<div class=\"section\">\n<div class=\"layoutArea\">\n<div class=\"column\">\n<p>DETERGENT BASSE ALCALINITE (USAGE MANUEL AUSSI)<\/p>\n<\/div>\n<\/div>\n<\/div>\n<\/div>\n","protected":false},"featured_media":3313,"template":"","meta":{"_acf_changed":false,"_seopress_robots_primary_cat":"","_seopress_titles_title":"","_seopress_titles_desc":"","_seopress_robots_index":"","_seopress_analysis_target_kw":""},"product_brand":[],"product_cat":[781,350],"product_tag":[],"class_list":{"0":"post-3167","1":"product","2":"type-product","3":"status-publish","4":"has-post-thumbnail","6":"product_cat-nettoyants-exterieurs","7":"product_cat-prelavages-a-baisse-alcalinite","9":"first","10":"instock","11":"shipping-taxable","12":"product-type-variable"},"acf":[],"_links":{"self":[{"href":"https:\/\/www.atassrl.it\/fr\/wp-json\/wp\/v2\/product\/3167","targetHints":{"allow":["GET"]}}],"collection":[{"href":"https:\/\/www.atassrl.it\/fr\/wp-json\/wp\/v2\/product"}],"about":[{"href":"https:\/\/www.atassrl.it\/fr\/wp-json\/wp\/v2\/types\/product"}],"wp:featuredmedia":[{"embeddable":true,"href":"https:\/\/www.atassrl.it\/fr\/wp-json\/wp\/v2\/media\/3313"}],"wp:attachment":[{"href":"https:\/\/www.atassrl.it\/fr\/wp-json\/wp\/v2\/media?parent=3167"}],"wp:term":[{"taxonomy":"product_brand","embeddable":true,"href":"https:\/\/www.atassrl.it\/fr\/wp-json\/wp\/v2\/product_brand?post=3167"},{"taxonomy":"product_cat","embeddable":true,"href":"https:\/\/www.atassrl.it\/fr\/wp-json\/wp\/v2\/product_cat?post=3167"},{"taxonomy":"product_tag","embeddable":true,"href":"https:\/\/www.atassrl.it\/fr\/wp-json\/wp\/v2\/product_tag?post=3167"}],"curies":[{"name":"wp","href":"https:\/\/api.w.org\/{rel}","templated":true}]}}