{"id":3543,"date":"2019-07-08T17:32:20","date_gmt":"2019-07-08T15:32:20","guid":{"rendered":"http:\/\/atas.devsrvr.net\/prodotto\/forclean-3\/"},"modified":"2022-07-27T17:51:43","modified_gmt":"2022-07-27T15:51:43","slug":"forclean-3","status":"publish","type":"product","link":"https:\/\/www.atassrl.it\/fr\/prodotto\/forclean-3\/","title":{"rendered":"FORCLEAN"},"content":{"rendered":"<div class=\"page\" title=\"Page 7\">\n<div class=\"section\">\n<div class=\"layoutArea\">\n<div class=\"column\">\n<p>Riche en \u00e9mulsifiants et agents ch\u00e9latants, c&rsquo;est un agent de pr\u00e9lavage parfait pour les voitures et il nettoie et d\u00e9graisse les parties externes des moteurs de voitures, motos et bateaux. S\u00e9curitaire pendant la saison chaude, il laisse les surfaces propres et lumineuses. Inodore, il ne contient aucun solvant. Enti\u00e8rement biod\u00e9gradable, il peut \u00eatre dilu\u00e9 dans l&rsquo;eau. Il ne ronge pas les peintures, l&rsquo;aluminium, les alliages, le plastique ou les caoutchoucs.<\/p>\n<\/div>\n<\/div>\n<\/div>\n<\/div>\n","protected":false},"excerpt":{"rendered":"<div class=\"page\" title=\"Page 7\">\n<div class=\"section\">\n<div class=\"layoutArea\">\n<div class=\"column\">\n<p style=\"font-weight: 400;\">D\u00c9GRAISSANT POUR PI\u00c8CES M\u00c9CANIQUES \u2013 AGENT DE PR\u00c9-LAVAGE D\u2018\u00c9T\u00c9<\/p>\n<\/div>\n<\/div>\n<\/div>\n<\/div>\n","protected":false},"featured_media":3251,"template":"","meta":{"_acf_changed":false,"_seopress_robots_primary_cat":"","_seopress_titles_title":"","_seopress_titles_desc":"","_seopress_robots_index":"","_seopress_analysis_target_kw":""},"product_brand":[],"product_cat":[781,350],"product_tag":[],"class_list":{"0":"post-3543","1":"product","2":"type-product","3":"status-publish","4":"has-post-thumbnail","6":"product_cat-nettoyants-exterieurs","7":"product_cat-prelavages-a-baisse-alcalinite","9":"first","10":"instock","11":"shipping-taxable","12":"product-type-variable"},"acf":[],"_links":{"self":[{"href":"https:\/\/www.atassrl.it\/fr\/wp-json\/wp\/v2\/product\/3543","targetHints":{"allow":["GET"]}}],"collection":[{"href":"https:\/\/www.atassrl.it\/fr\/wp-json\/wp\/v2\/product"}],"about":[{"href":"https:\/\/www.atassrl.it\/fr\/wp-json\/wp\/v2\/types\/product"}],"wp:featuredmedia":[{"embeddable":true,"href":"https:\/\/www.atassrl.it\/fr\/wp-json\/wp\/v2\/media\/3251"}],"wp:attachment":[{"href":"https:\/\/www.atassrl.it\/fr\/wp-json\/wp\/v2\/media?parent=3543"}],"wp:term":[{"taxonomy":"product_brand","embeddable":true,"href":"https:\/\/www.atassrl.it\/fr\/wp-json\/wp\/v2\/product_brand?post=3543"},{"taxonomy":"product_cat","embeddable":true,"href":"https:\/\/www.atassrl.it\/fr\/wp-json\/wp\/v2\/product_cat?post=3543"},{"taxonomy":"product_tag","embeddable":true,"href":"https:\/\/www.atassrl.it\/fr\/wp-json\/wp\/v2\/product_tag?post=3543"}],"curies":[{"name":"wp","href":"https:\/\/api.w.org\/{rel}","templated":true}]}}