{"id":3559,"date":"2019-07-08T17:39:11","date_gmt":"2019-07-08T15:39:11","guid":{"rendered":"http:\/\/atas.devsrvr.net\/prodotto\/namar-e\/"},"modified":"2022-07-27T17:57:42","modified_gmt":"2022-07-27T15:57:42","slug":"namar-e","status":"publish","type":"product","link":"https:\/\/www.atassrl.it\/fr\/prodotto\/namar-e\/","title":{"rendered":"NAMAR E"},"content":{"rendered":"<div class=\"page\" title=\"Page 8\">\n<div class=\"section\">\n<div class=\"layoutArea\">\n<div class=\"column\">\n<p>Nettoyant monocomposant inodore \u00e0 alcalinit\u00e9 r\u00e9duite, efficace sur la salet\u00e9, la graisse, le smog et le sol. Gr\u00e2ce \u00e0 l&rsquo;action \u00e9molliente de sa mousse douce, il agit rapidement et en profondeur sur les salissures sans ab\u00eemer les surfaces qui resteront propres et brillantes apr\u00e8s rin\u00e7age. Il contient des s\u00e9questrants qui permettent de maintenir l&rsquo;efficacit\u00e9 du produit inchang\u00e9e m\u00eame en pr\u00e9sence d&rsquo;eaux riches en sels.<\/p>\n<\/div>\n<\/div>\n<\/div>\n<\/div>\n","protected":false},"excerpt":{"rendered":"<div class=\"page\" title=\"Page 8\">\n<div class=\"section\">\n<div class=\"layoutArea\">\n<div class=\"column\">\n<p>D\u00c9TERGENT DE PR\u00c9-LAVAGE<\/p>\n<\/div>\n<\/div>\n<\/div>\n<\/div>\n","protected":false},"featured_media":3289,"template":"","meta":{"_acf_changed":false,"_seopress_robots_primary_cat":"","_seopress_titles_title":"","_seopress_titles_desc":"","_seopress_robots_index":"","_seopress_analysis_target_kw":""},"product_brand":[],"product_cat":[350],"product_tag":[],"class_list":{"0":"post-3559","1":"product","2":"type-product","3":"status-publish","4":"has-post-thumbnail","6":"product_cat-prelavages-a-baisse-alcalinite","8":"first","9":"instock","10":"shipping-taxable","11":"product-type-variable"},"acf":[],"_links":{"self":[{"href":"https:\/\/www.atassrl.it\/fr\/wp-json\/wp\/v2\/product\/3559","targetHints":{"allow":["GET"]}}],"collection":[{"href":"https:\/\/www.atassrl.it\/fr\/wp-json\/wp\/v2\/product"}],"about":[{"href":"https:\/\/www.atassrl.it\/fr\/wp-json\/wp\/v2\/types\/product"}],"wp:featuredmedia":[{"embeddable":true,"href":"https:\/\/www.atassrl.it\/fr\/wp-json\/wp\/v2\/media\/3289"}],"wp:attachment":[{"href":"https:\/\/www.atassrl.it\/fr\/wp-json\/wp\/v2\/media?parent=3559"}],"wp:term":[{"taxonomy":"product_brand","embeddable":true,"href":"https:\/\/www.atassrl.it\/fr\/wp-json\/wp\/v2\/product_brand?post=3559"},{"taxonomy":"product_cat","embeddable":true,"href":"https:\/\/www.atassrl.it\/fr\/wp-json\/wp\/v2\/product_cat?post=3559"},{"taxonomy":"product_tag","embeddable":true,"href":"https:\/\/www.atassrl.it\/fr\/wp-json\/wp\/v2\/product_tag?post=3559"}],"curies":[{"name":"wp","href":"https:\/\/api.w.org\/{rel}","templated":true}]}}