{"id":3587,"date":"2019-07-08T17:52:07","date_gmt":"2019-07-08T15:52:07","guid":{"rendered":"http:\/\/atas.devsrvr.net\/prodotto\/deco-2\/"},"modified":"2022-07-28T09:16:37","modified_gmt":"2022-07-28T07:16:37","slug":"deco-2","status":"publish","type":"product","link":"https:\/\/www.atassrl.it\/fr\/prodotto\/deco-2\/","title":{"rendered":"DECO"},"content":{"rendered":"<div class=\"page\" title=\"Page 9\">\n<div class=\"layoutArea\">\n<div class=\"column\">\n<p style=\"font-weight: 400;\">Le d\u00e9tergent de lavage de voiture le plus demand\u00e9: l&rsquo;\u00e9quilibre parfait de ses composants est une garantie d&rsquo;excellents r\u00e9sultats. Il \u00e9limine compl\u00e8tement la salet\u00e9 grasse et le smog sans alt\u00e9rer les peintures et les profil\u00e9s. Riche en agents s\u00e9questrants, il reste longtemps actif m\u00eame en pr\u00e9sence d&rsquo;eaux particuli\u00e8rement \u00ab\u00a0dures\u00a0\u00bb. Il contient des substances sp\u00e9ciales \u00e0 action antistatique et polissante et convient \u00e9galement aux lavages en libre-service. Valable \u00e9galement pour les jantes.<\/p>\n<\/div>\n<\/div>\n<\/div>\n","protected":false},"excerpt":{"rendered":"<div class=\"page\" title=\"Page 9\">\n<div class=\"layoutArea\">\n<div class=\"column\">\n<div><span lang=\"DE\">D\u00c9TERGENT DE LAVAGE DE VOITURE<\/span><\/div>\n<\/div>\n<\/div>\n<\/div>\n","protected":false},"featured_media":3194,"template":"","meta":{"_acf_changed":false,"_seopress_robots_primary_cat":"","_seopress_titles_title":"","_seopress_titles_desc":"","_seopress_robots_index":"","_seopress_analysis_target_kw":""},"product_brand":[],"product_cat":[781,354],"product_tag":[],"class_list":{"0":"post-3587","1":"product","2":"type-product","3":"status-publish","4":"has-post-thumbnail","6":"product_cat-nettoyants-exterieurs","7":"product_cat-prelavages-de-puissance-moyenne","9":"first","10":"instock","11":"shipping-taxable","12":"product-type-variable"},"acf":[],"_links":{"self":[{"href":"https:\/\/www.atassrl.it\/fr\/wp-json\/wp\/v2\/product\/3587","targetHints":{"allow":["GET"]}}],"collection":[{"href":"https:\/\/www.atassrl.it\/fr\/wp-json\/wp\/v2\/product"}],"about":[{"href":"https:\/\/www.atassrl.it\/fr\/wp-json\/wp\/v2\/types\/product"}],"wp:featuredmedia":[{"embeddable":true,"href":"https:\/\/www.atassrl.it\/fr\/wp-json\/wp\/v2\/media\/3194"}],"wp:attachment":[{"href":"https:\/\/www.atassrl.it\/fr\/wp-json\/wp\/v2\/media?parent=3587"}],"wp:term":[{"taxonomy":"product_brand","embeddable":true,"href":"https:\/\/www.atassrl.it\/fr\/wp-json\/wp\/v2\/product_brand?post=3587"},{"taxonomy":"product_cat","embeddable":true,"href":"https:\/\/www.atassrl.it\/fr\/wp-json\/wp\/v2\/product_cat?post=3587"},{"taxonomy":"product_tag","embeddable":true,"href":"https:\/\/www.atassrl.it\/fr\/wp-json\/wp\/v2\/product_tag?post=3587"}],"curies":[{"name":"wp","href":"https:\/\/api.w.org\/{rel}","templated":true}]}}