{"id":3597,"date":"2019-07-09T15:00:08","date_gmt":"2019-07-09T13:00:08","guid":{"rendered":"http:\/\/atas.devsrvr.net\/prodotto\/lavaprofuma\/"},"modified":"2022-07-27T18:08:52","modified_gmt":"2022-07-27T16:08:52","slug":"lavaprofuma","status":"publish","type":"product","link":"https:\/\/www.atassrl.it\/fr\/prodotto\/lavaprofuma\/","title":{"rendered":"LAVA&amp;PROFUMA"},"content":{"rendered":"<div class=\"page\" title=\"Page 9\">\n<div class=\"layoutArea\">\n<div class=\"column\">\n<p style=\"font-weight: 400;\">D\u00e9tergent alcalin hautement concentr\u00e9 adapt\u00e9 au pr\u00e9lavage et au lavage des voitures dans les syst\u00e8mes automatiques. Mod\u00e9r\u00e9ment moussant et caract\u00e9ris\u00e9 par des essences s\u00e9lectionn\u00e9es qui assurent un parfum agr\u00e9able et persistant \u00e0 la zone de lavage, ce produit ne laisse aucun r\u00e9sidu car il est facilement rin\u00e7able et efficace m\u00eame en pr\u00e9sence d&rsquo;eau dure.<\/p>\n<\/div>\n<\/div>\n<\/div>\n","protected":false},"excerpt":{"rendered":"<div class=\"page\" title=\"Page 9\">\n<div class=\"layoutArea\">\n<div class=\"column\">\n<div><span lang=\"DE\">D\u00c9TERGENT DE PR\u00c9-LAVAGE PARFUM\u00c9<\/span><\/div>\n<\/div>\n<\/div>\n<\/div>\n","protected":false},"featured_media":3279,"template":"","meta":{"_acf_changed":false,"_seopress_robots_primary_cat":"","_seopress_titles_title":"","_seopress_titles_desc":"","_seopress_robots_index":"","_seopress_analysis_target_kw":""},"product_brand":[],"product_cat":[354],"product_tag":[],"class_list":{"0":"post-3597","1":"product","2":"type-product","3":"status-publish","4":"has-post-thumbnail","6":"product_cat-prelavages-de-puissance-moyenne","8":"first","9":"instock","10":"shipping-taxable","11":"product-type-variable"},"acf":[],"_links":{"self":[{"href":"https:\/\/www.atassrl.it\/fr\/wp-json\/wp\/v2\/product\/3597","targetHints":{"allow":["GET"]}}],"collection":[{"href":"https:\/\/www.atassrl.it\/fr\/wp-json\/wp\/v2\/product"}],"about":[{"href":"https:\/\/www.atassrl.it\/fr\/wp-json\/wp\/v2\/types\/product"}],"wp:featuredmedia":[{"embeddable":true,"href":"https:\/\/www.atassrl.it\/fr\/wp-json\/wp\/v2\/media\/3279"}],"wp:attachment":[{"href":"https:\/\/www.atassrl.it\/fr\/wp-json\/wp\/v2\/media?parent=3597"}],"wp:term":[{"taxonomy":"product_brand","embeddable":true,"href":"https:\/\/www.atassrl.it\/fr\/wp-json\/wp\/v2\/product_brand?post=3597"},{"taxonomy":"product_cat","embeddable":true,"href":"https:\/\/www.atassrl.it\/fr\/wp-json\/wp\/v2\/product_cat?post=3597"},{"taxonomy":"product_tag","embeddable":true,"href":"https:\/\/www.atassrl.it\/fr\/wp-json\/wp\/v2\/product_tag?post=3597"}],"curies":[{"name":"wp","href":"https:\/\/api.w.org\/{rel}","templated":true}]}}