{"id":3625,"date":"2019-07-09T15:30:15","date_gmt":"2019-07-09T13:30:15","guid":{"rendered":"http:\/\/atas.devsrvr.net\/prodotto\/rial-2000-2\/"},"modified":"2022-07-28T09:26:46","modified_gmt":"2022-07-28T07:26:46","slug":"rial-2000-2","status":"publish","type":"product","link":"https:\/\/www.atassrl.it\/fr\/prodotto\/rial-2000-2\/","title":{"rendered":"RIAL 2000"},"content":{"rendered":"<div class=\"page\" title=\"Page 12\">\n<div class=\"layoutArea\">\n<div class=\"column\">\n<p style=\"font-weight: 400;\">Le seul nettoyant monocouche qui \u00e9gale les performances des bi-composants. Avec un tr\u00e8s haut pouvoir nettoyant, il \u00e9limine tout type de salet\u00e9 sans brossage. Facile \u00e0 rincer avec une action antistatique, il n&rsquo;alt\u00e8re pas les parties trait\u00e9es. Convient pour les v\u00e9hicules lourds, les b\u00e2ches, les conteneurs de voitures et pour le d\u00e9graissage des pi\u00e8ces m\u00e9caniques en g\u00e9n\u00e9ral. Il assure d&rsquo;excellents r\u00e9sultats m\u00eame en pr\u00e9sence d&rsquo;eau riche en sels ou recycl\u00e9e. Sont \u00e9galement disponibles les versions \u00ab\u00a0FT\u00a0\u00bb avec moins d&rsquo;actifs et \u00ab\u00a0ANP\u00a0\u00bb pour l&rsquo;industrie alimentaire.<\/p>\n<\/div>\n<\/div>\n<\/div>\n","protected":false},"excerpt":{"rendered":"<div class=\"page\" title=\"Page 12\">\n<div class=\"layoutArea\">\n<div class=\"column\">\n<p style=\"font-weight: 400;\">SUPER D\u00c9TERGENT EXT\u00c9RIEUR MONOPHAS\u00c9<\/p>\n<\/div>\n<\/div>\n<\/div>\n","protected":false},"featured_media":3319,"template":"","meta":{"_acf_changed":false,"_seopress_robots_primary_cat":"","_seopress_titles_title":"","_seopress_titles_desc":"","_seopress_robots_index":"","_seopress_analysis_target_kw":""},"product_brand":[],"product_cat":[272,814],"product_tag":[],"class_list":{"0":"post-3625","1":"product","2":"type-product","3":"status-publish","4":"has-post-thumbnail","6":"product_cat-linea-atasdet-fr","7":"product_cat-nettoyant-exterieur","9":"first","10":"instock","11":"shipping-taxable","12":"product-type-variable"},"acf":[],"_links":{"self":[{"href":"https:\/\/www.atassrl.it\/fr\/wp-json\/wp\/v2\/product\/3625","targetHints":{"allow":["GET"]}}],"collection":[{"href":"https:\/\/www.atassrl.it\/fr\/wp-json\/wp\/v2\/product"}],"about":[{"href":"https:\/\/www.atassrl.it\/fr\/wp-json\/wp\/v2\/types\/product"}],"wp:featuredmedia":[{"embeddable":true,"href":"https:\/\/www.atassrl.it\/fr\/wp-json\/wp\/v2\/media\/3319"}],"wp:attachment":[{"href":"https:\/\/www.atassrl.it\/fr\/wp-json\/wp\/v2\/media?parent=3625"}],"wp:term":[{"taxonomy":"product_brand","embeddable":true,"href":"https:\/\/www.atassrl.it\/fr\/wp-json\/wp\/v2\/product_brand?post=3625"},{"taxonomy":"product_cat","embeddable":true,"href":"https:\/\/www.atassrl.it\/fr\/wp-json\/wp\/v2\/product_cat?post=3625"},{"taxonomy":"product_tag","embeddable":true,"href":"https:\/\/www.atassrl.it\/fr\/wp-json\/wp\/v2\/product_tag?post=3625"}],"curies":[{"name":"wp","href":"https:\/\/api.w.org\/{rel}","templated":true}]}}