{"id":3635,"date":"2019-07-09T15:37:20","date_gmt":"2019-07-09T13:37:20","guid":{"rendered":"http:\/\/atas.devsrvr.net\/prodotto\/ecomer\/"},"modified":"2022-07-28T09:34:41","modified_gmt":"2022-07-28T07:34:41","slug":"ecomer","status":"publish","type":"product","link":"https:\/\/www.atassrl.it\/fr\/prodotto\/ecomer\/","title":{"rendered":"ECOMER"},"content":{"rendered":"<div class=\"page\" title=\"Page 12\">\n<div class=\"layoutArea\">\n<div class=\"column\">\n<p style=\"font-weight: 400;\">Formulation alcaline indiqu\u00e9e pour le lavage ext\u00e9rieur des v\u00e9hicules en g\u00e9n\u00e9ral. Gr\u00e2ce aux substances tensioactives qu&rsquo;il contient, il dissout et \u00e9mulsionne rapidement le smog, la graisse et la salet\u00e9 pr\u00e9sents sur la carrosserie, laissant les surfaces parfaitement propres et brillantes. Il peut \u00e9galement \u00eatre utilis\u00e9 pour des op\u00e9rations de d\u00e9graissage sur les pi\u00e8ces m\u00e9caniques et les parties ext\u00e9rieures des moteurs.<\/p>\n<\/div>\n<\/div>\n<\/div>\n","protected":false},"excerpt":{"rendered":"<div class=\"page\" title=\"Page 12\">\n<div class=\"layoutArea\">\n<div class=\"column\">\n<div><span lang=\"DE\">D\u00c9TERGENT EXT\u00c9RIEUR FORT<\/span><\/div>\n<\/div>\n<\/div>\n<\/div>\n","protected":false},"featured_media":3228,"template":"","meta":{"_acf_changed":false,"_seopress_robots_primary_cat":"","_seopress_titles_title":"","_seopress_titles_desc":"","_seopress_robots_index":"","_seopress_analysis_target_kw":""},"product_brand":[],"product_cat":[272,789],"product_tag":[],"class_list":{"0":"post-3635","1":"product","2":"type-product","3":"status-publish","4":"has-post-thumbnail","6":"product_cat-linea-atasdet-fr","7":"product_cat-nettoyants-exterieurs-fr","9":"first","10":"instock","11":"shipping-taxable","12":"product-type-variable"},"acf":[],"_links":{"self":[{"href":"https:\/\/www.atassrl.it\/fr\/wp-json\/wp\/v2\/product\/3635","targetHints":{"allow":["GET"]}}],"collection":[{"href":"https:\/\/www.atassrl.it\/fr\/wp-json\/wp\/v2\/product"}],"about":[{"href":"https:\/\/www.atassrl.it\/fr\/wp-json\/wp\/v2\/types\/product"}],"wp:featuredmedia":[{"embeddable":true,"href":"https:\/\/www.atassrl.it\/fr\/wp-json\/wp\/v2\/media\/3228"}],"wp:attachment":[{"href":"https:\/\/www.atassrl.it\/fr\/wp-json\/wp\/v2\/media?parent=3635"}],"wp:term":[{"taxonomy":"product_brand","embeddable":true,"href":"https:\/\/www.atassrl.it\/fr\/wp-json\/wp\/v2\/product_brand?post=3635"},{"taxonomy":"product_cat","embeddable":true,"href":"https:\/\/www.atassrl.it\/fr\/wp-json\/wp\/v2\/product_cat?post=3635"},{"taxonomy":"product_tag","embeddable":true,"href":"https:\/\/www.atassrl.it\/fr\/wp-json\/wp\/v2\/product_tag?post=3635"}],"curies":[{"name":"wp","href":"https:\/\/api.w.org\/{rel}","templated":true}]}}