{"id":3645,"date":"2019-07-09T15:41:01","date_gmt":"2019-07-09T13:41:01","guid":{"rendered":"http:\/\/atas.devsrvr.net\/prodotto\/demicar\/"},"modified":"2022-10-13T10:17:25","modified_gmt":"2022-10-13T08:17:25","slug":"nf-511","status":"publish","type":"product","link":"https:\/\/www.atassrl.it\/fr\/prodotto\/nf-511\/","title":{"rendered":"NF 511"},"content":{"rendered":"<div class=\"page\" title=\"Page 12\">\n<div class=\"layoutArea\">\n<div class=\"column\">\n<p>D\u00e9tergent alcalin sp\u00e9cial formul\u00e9 avec de nouveaux mat\u00e9riaux \u00e0 impact environnemental r\u00e9duit pour un nouveau pas en avant vers une chimie de plus en plus \u00e9co-durable.<br \/>\nDot\u00e9 d&rsquo;un pouvoir lavant \u00e9lev\u00e9, il dissout rapidement les salissures du trafic et \u00e9mulsionne en profondeur les r\u00e9sidus graisseux. Il contient des s\u00e9questrants facilement biod\u00e9gradables provenant de mati\u00e8res premi\u00e8res naturelles et renouvelables. Il ne contient pas de phosphore. Moyennement moussant, il peut \u00eatre utilis\u00e9 aussi bien \u00e0 basse qu&rsquo;\u00e0 haute pression.<\/p>\n<\/div>\n<\/div>\n<\/div>\n","protected":false},"excerpt":{"rendered":"<div class=\"page\" title=\"Page 12\">\n<div class=\"layoutArea\">\n<div class=\"column\">\n<p>D\u00c9TERGENT SANS PHOSPHORE<\/p>\n<\/div>\n<\/div>\n<\/div>\n","protected":false},"featured_media":9435,"template":"","meta":{"_acf_changed":false,"_seopress_robots_primary_cat":"","_seopress_titles_title":"","_seopress_titles_desc":"","_seopress_robots_index":"","_seopress_analysis_target_kw":""},"product_brand":[],"product_cat":[272,814],"product_tag":[],"class_list":{"0":"post-3645","1":"product","2":"type-product","3":"status-publish","4":"has-post-thumbnail","6":"product_cat-linea-atasdet-fr","7":"product_cat-nettoyant-exterieur","9":"first","10":"instock","11":"shipping-taxable","12":"product-type-variable"},"acf":[],"_links":{"self":[{"href":"https:\/\/www.atassrl.it\/fr\/wp-json\/wp\/v2\/product\/3645","targetHints":{"allow":["GET"]}}],"collection":[{"href":"https:\/\/www.atassrl.it\/fr\/wp-json\/wp\/v2\/product"}],"about":[{"href":"https:\/\/www.atassrl.it\/fr\/wp-json\/wp\/v2\/types\/product"}],"wp:featuredmedia":[{"embeddable":true,"href":"https:\/\/www.atassrl.it\/fr\/wp-json\/wp\/v2\/media\/9435"}],"wp:attachment":[{"href":"https:\/\/www.atassrl.it\/fr\/wp-json\/wp\/v2\/media?parent=3645"}],"wp:term":[{"taxonomy":"product_brand","embeddable":true,"href":"https:\/\/www.atassrl.it\/fr\/wp-json\/wp\/v2\/product_brand?post=3645"},{"taxonomy":"product_cat","embeddable":true,"href":"https:\/\/www.atassrl.it\/fr\/wp-json\/wp\/v2\/product_cat?post=3645"},{"taxonomy":"product_tag","embeddable":true,"href":"https:\/\/www.atassrl.it\/fr\/wp-json\/wp\/v2\/product_tag?post=3645"}],"curies":[{"name":"wp","href":"https:\/\/api.w.org\/{rel}","templated":true}]}}