{"id":3681,"date":"2019-07-09T15:56:34","date_gmt":"2019-07-09T13:56:34","guid":{"rendered":"http:\/\/atas.devsrvr.net\/prodotto\/for-est\/"},"modified":"2022-07-28T09:56:31","modified_gmt":"2022-07-28T07:56:31","slug":"for-est","status":"publish","type":"product","link":"https:\/\/www.atassrl.it\/fr\/prodotto\/for-est\/","title":{"rendered":"FOR-EST"},"content":{"rendered":"<div class=\"page\" title=\"Page 14\">\n<div class=\"section\">\n<div class=\"layoutArea\">\n<div class=\"column\">\n<p style=\"font-weight: 400;\">Bicomposant concentr\u00e9 adapt\u00e9 au nettoyage et au d\u00e9graissage des voitures, camions, b\u00e2ches, citernes, engins de terrassement et salet\u00e9s difficiles en g\u00e9n\u00e9ral. Consid\u00e9r\u00e9 parmi les plus r\u00e9sistants de notre gamme, ce produit \u00e0 \u00e9vaporation lente, sans odeur et facile \u00e0 rincer, n&rsquo;ab\u00eeme pas les peintures, les plastiques ou les caoutchoucs. Mod\u00e9r\u00e9ment moussant, il donne de la brillance aux surfaces trait\u00e9es et peut \u00eatre utilis\u00e9 en toute s\u00e9curit\u00e9 m\u00eame en \u00e9t\u00e9.<\/p>\n<\/div>\n<\/div>\n<\/div>\n<\/div>\n","protected":false},"excerpt":{"rendered":"<div class=\"page\" title=\"Page 14\">\n<div class=\"section\">\n<div class=\"layoutArea\">\n<div class=\"column\">\n<div><span lang=\"DE\">D\u00c9TERGENT EXT\u00c9RIEUR SANS PHOSPHATES<\/span><\/div>\n<\/div>\n<\/div>\n<\/div>\n<\/div>\n","protected":false},"featured_media":3252,"template":"","meta":{"_acf_changed":false,"_seopress_robots_primary_cat":"","_seopress_titles_title":"","_seopress_titles_desc":"","_seopress_robots_index":"","_seopress_analysis_target_kw":""},"product_brand":[],"product_cat":[330,272],"product_tag":[],"class_list":{"0":"post-3681","1":"product","2":"type-product","3":"status-publish","4":"has-post-thumbnail","6":"product_cat-lave-exterieurs-bicomposants","7":"product_cat-linea-atasdet-fr","9":"first","10":"instock","11":"shipping-taxable","12":"product-type-variable"},"acf":[],"_links":{"self":[{"href":"https:\/\/www.atassrl.it\/fr\/wp-json\/wp\/v2\/product\/3681","targetHints":{"allow":["GET"]}}],"collection":[{"href":"https:\/\/www.atassrl.it\/fr\/wp-json\/wp\/v2\/product"}],"about":[{"href":"https:\/\/www.atassrl.it\/fr\/wp-json\/wp\/v2\/types\/product"}],"wp:featuredmedia":[{"embeddable":true,"href":"https:\/\/www.atassrl.it\/fr\/wp-json\/wp\/v2\/media\/3252"}],"wp:attachment":[{"href":"https:\/\/www.atassrl.it\/fr\/wp-json\/wp\/v2\/media?parent=3681"}],"wp:term":[{"taxonomy":"product_brand","embeddable":true,"href":"https:\/\/www.atassrl.it\/fr\/wp-json\/wp\/v2\/product_brand?post=3681"},{"taxonomy":"product_cat","embeddable":true,"href":"https:\/\/www.atassrl.it\/fr\/wp-json\/wp\/v2\/product_cat?post=3681"},{"taxonomy":"product_tag","embeddable":true,"href":"https:\/\/www.atassrl.it\/fr\/wp-json\/wp\/v2\/product_tag?post=3681"}],"curies":[{"name":"wp","href":"https:\/\/api.w.org\/{rel}","templated":true}]}}