{"id":3687,"date":"2019-07-09T15:59:27","date_gmt":"2019-07-09T13:59:27","guid":{"rendered":"http:\/\/atas.devsrvr.net\/prodotto\/falcom\/"},"modified":"2022-07-28T10:01:00","modified_gmt":"2022-07-28T08:01:00","slug":"falcom","status":"publish","type":"product","link":"https:\/\/www.atassrl.it\/fr\/prodotto\/falcom\/","title":{"rendered":"FALCOM"},"content":{"rendered":"<div class=\"page\" title=\"Page 14\">\n<div class=\"section\">\n<div class=\"layoutArea\">\n<div class=\"column\">\n<p style=\"font-weight: 400;\">Bicomposant alcalin hautement concentr\u00e9 indispensable pour les nettoyages particuli\u00e8rement exigeants. Il a une action d\u00e9graissante et nettoyante \u00e9lev\u00e9e sur tous les types de salet\u00e9, qu&rsquo;il s&rsquo;agisse de graisse organique ou inorganique, de smog, de terre ou de r\u00e9sidus d&rsquo;huile. Convient pour le nettoyage ext\u00e9rieur des wagons de chemin de fer, des engins de terrassement, des remorques b\u00e2ch\u00e9es, des r\u00e9servoirs en acier, des conteneurs, des ponts roulants et des pi\u00e8ces m\u00e9caniques en g\u00e9n\u00e9ral. Diluer avec de l&rsquo;eau.<\/p>\n<\/div>\n<\/div>\n<\/div>\n<\/div>\n","protected":false},"excerpt":{"rendered":"<div class=\"page\" title=\"Page 14\">\n<div class=\"section\">\n<div class=\"layoutArea\">\n<div class=\"column\">\n<p style=\"font-weight: 400;\">D\u00c9TERGENT POUR TRAIN, VISSEUSES ET PONT-PONT<\/p>\n<\/div>\n<\/div>\n<\/div>\n<\/div>\n","protected":false},"featured_media":3249,"template":"","meta":{"_acf_changed":false,"_seopress_robots_primary_cat":"","_seopress_titles_title":"","_seopress_titles_desc":"","_seopress_robots_index":"","_seopress_analysis_target_kw":""},"product_brand":[],"product_cat":[330,272],"product_tag":[],"class_list":{"0":"post-3687","1":"product","2":"type-product","3":"status-publish","4":"has-post-thumbnail","6":"product_cat-lave-exterieurs-bicomposants","7":"product_cat-linea-atasdet-fr","9":"first","10":"instock","11":"shipping-taxable","12":"product-type-variable"},"acf":[],"_links":{"self":[{"href":"https:\/\/www.atassrl.it\/fr\/wp-json\/wp\/v2\/product\/3687","targetHints":{"allow":["GET"]}}],"collection":[{"href":"https:\/\/www.atassrl.it\/fr\/wp-json\/wp\/v2\/product"}],"about":[{"href":"https:\/\/www.atassrl.it\/fr\/wp-json\/wp\/v2\/types\/product"}],"wp:featuredmedia":[{"embeddable":true,"href":"https:\/\/www.atassrl.it\/fr\/wp-json\/wp\/v2\/media\/3249"}],"wp:attachment":[{"href":"https:\/\/www.atassrl.it\/fr\/wp-json\/wp\/v2\/media?parent=3687"}],"wp:term":[{"taxonomy":"product_brand","embeddable":true,"href":"https:\/\/www.atassrl.it\/fr\/wp-json\/wp\/v2\/product_brand?post=3687"},{"taxonomy":"product_cat","embeddable":true,"href":"https:\/\/www.atassrl.it\/fr\/wp-json\/wp\/v2\/product_cat?post=3687"},{"taxonomy":"product_tag","embeddable":true,"href":"https:\/\/www.atassrl.it\/fr\/wp-json\/wp\/v2\/product_tag?post=3687"}],"curies":[{"name":"wp","href":"https:\/\/api.w.org\/{rel}","templated":true}]}}