{"id":3693,"date":"2019-07-09T16:09:27","date_gmt":"2019-07-09T14:09:27","guid":{"rendered":"http:\/\/atas.devsrvr.net\/prodotto\/stem-2f\/"},"modified":"2022-07-28T09:46:07","modified_gmt":"2022-07-28T07:46:07","slug":"stem-2f","status":"publish","type":"product","link":"https:\/\/www.atassrl.it\/fr\/prodotto\/stem-2f\/","title":{"rendered":"STEM 2F"},"content":{"rendered":"<div class=\"page\" title=\"Page 15\">\n<div class=\"section\">\n<div class=\"layoutArea\">\n<div class=\"column\">\n<p style=\"font-weight: 400;\">Adapt\u00e9 aux voitures et aux v\u00e9hicules lourds, l&rsquo;\u00e9quilibre parfait des deux phases de ce produit garantit d&rsquo;excellents r\u00e9sultats de nettoyage sur les salet\u00e9s organiques et inorganiques sans l&rsquo;utilisation de brosses. Il contient des tensioactifs \u00e0 haut pouvoir p\u00e9n\u00e9trant et facile \u00e0 rincer. Diluer avec de l&rsquo;eau. La version \u00ab\u00a0TR\u00a0\u00bb avec moins d&rsquo;actifs est \u00e9galement disponible.<\/p>\n<\/div>\n<\/div>\n<\/div>\n<\/div>\n","protected":false},"excerpt":{"rendered":"<div class=\"page\" title=\"Page 15\">\n<div class=\"section\">\n<div class=\"layoutArea\">\n<div class=\"column\">\n<div><span lang=\"DE\">D\u00c9TERGENT EXT\u00c9RIEUR CONCENTR\u00c9<\/span><\/div>\n<\/div>\n<\/div>\n<\/div>\n<\/div>\n","protected":false},"featured_media":3329,"template":"","meta":{"_acf_changed":false,"_seopress_robots_primary_cat":"","_seopress_titles_title":"","_seopress_titles_desc":"","_seopress_robots_index":"","_seopress_analysis_target_kw":""},"product_brand":[],"product_cat":[330,272],"product_tag":[],"class_list":{"0":"post-3693","1":"product","2":"type-product","3":"status-publish","4":"has-post-thumbnail","6":"product_cat-lave-exterieurs-bicomposants","7":"product_cat-linea-atasdet-fr","9":"first","10":"instock","11":"shipping-taxable","12":"product-type-variable"},"acf":[],"_links":{"self":[{"href":"https:\/\/www.atassrl.it\/fr\/wp-json\/wp\/v2\/product\/3693","targetHints":{"allow":["GET"]}}],"collection":[{"href":"https:\/\/www.atassrl.it\/fr\/wp-json\/wp\/v2\/product"}],"about":[{"href":"https:\/\/www.atassrl.it\/fr\/wp-json\/wp\/v2\/types\/product"}],"wp:featuredmedia":[{"embeddable":true,"href":"https:\/\/www.atassrl.it\/fr\/wp-json\/wp\/v2\/media\/3329"}],"wp:attachment":[{"href":"https:\/\/www.atassrl.it\/fr\/wp-json\/wp\/v2\/media?parent=3693"}],"wp:term":[{"taxonomy":"product_brand","embeddable":true,"href":"https:\/\/www.atassrl.it\/fr\/wp-json\/wp\/v2\/product_brand?post=3693"},{"taxonomy":"product_cat","embeddable":true,"href":"https:\/\/www.atassrl.it\/fr\/wp-json\/wp\/v2\/product_cat?post=3693"},{"taxonomy":"product_tag","embeddable":true,"href":"https:\/\/www.atassrl.it\/fr\/wp-json\/wp\/v2\/product_tag?post=3693"}],"curies":[{"name":"wp","href":"https:\/\/api.w.org\/{rel}","templated":true}]}}