{"id":3699,"date":"2019-07-09T16:12:30","date_gmt":"2019-07-09T14:12:30","guid":{"rendered":"http:\/\/atas.devsrvr.net\/prodotto\/rem-e\/"},"modified":"2022-07-28T09:53:09","modified_gmt":"2022-07-28T07:53:09","slug":"rem-e","status":"publish","type":"product","link":"https:\/\/www.atassrl.it\/fr\/prodotto\/rem-e\/","title":{"rendered":"REM E"},"content":{"rendered":"<div class=\"page\" title=\"Page 15\">\n<div class=\"section\">\n<div class=\"layoutArea\">\n<div class=\"column\">\n<p style=\"font-weight: 400;\">D\u00e9tergent \u00e0 deux composants adapt\u00e9 pour laver sans \u00e9ponger tout type de v\u00e9hicule. Riche en substances lavantes \u00e0 haut pouvoir \u00e9mulsifiant et s\u00e9questrant, il \u00e9limine facilement les salissures grasses et huileuses de nature organique et inorganique, les r\u00e9sidus d&rsquo;huile, le smog et les salissures. Facile \u00e0 rincer, il ne laisse aucun r\u00e9sidu et n&rsquo;obstrue pas les filtres et les buses.<\/p>\n<\/div>\n<\/div>\n<\/div>\n<\/div>\n","protected":false},"excerpt":{"rendered":"<div class=\"page\" title=\"Page 15\">\n<div class=\"section\">\n<div class=\"layoutArea\">\n<div class=\"column\">\n<div><span lang=\"DE\">LAVEUR EXT\u00c9RIEUR CONCENTR\u00c9 BIPHAS\u00c9<\/span><\/div>\n<\/div>\n<\/div>\n<\/div>\n<\/div>\n","protected":false},"featured_media":3315,"template":"","meta":{"_acf_changed":false,"_seopress_robots_primary_cat":"","_seopress_titles_title":"","_seopress_titles_desc":"","_seopress_robots_index":"","_seopress_analysis_target_kw":""},"product_brand":[],"product_cat":[330,272],"product_tag":[],"class_list":{"0":"post-3699","1":"product","2":"type-product","3":"status-publish","4":"has-post-thumbnail","6":"product_cat-lave-exterieurs-bicomposants","7":"product_cat-linea-atasdet-fr","9":"first","10":"instock","11":"shipping-taxable","12":"product-type-simple"},"acf":[],"_links":{"self":[{"href":"https:\/\/www.atassrl.it\/fr\/wp-json\/wp\/v2\/product\/3699","targetHints":{"allow":["GET"]}}],"collection":[{"href":"https:\/\/www.atassrl.it\/fr\/wp-json\/wp\/v2\/product"}],"about":[{"href":"https:\/\/www.atassrl.it\/fr\/wp-json\/wp\/v2\/types\/product"}],"wp:featuredmedia":[{"embeddable":true,"href":"https:\/\/www.atassrl.it\/fr\/wp-json\/wp\/v2\/media\/3315"}],"wp:attachment":[{"href":"https:\/\/www.atassrl.it\/fr\/wp-json\/wp\/v2\/media?parent=3699"}],"wp:term":[{"taxonomy":"product_brand","embeddable":true,"href":"https:\/\/www.atassrl.it\/fr\/wp-json\/wp\/v2\/product_brand?post=3699"},{"taxonomy":"product_cat","embeddable":true,"href":"https:\/\/www.atassrl.it\/fr\/wp-json\/wp\/v2\/product_cat?post=3699"},{"taxonomy":"product_tag","embeddable":true,"href":"https:\/\/www.atassrl.it\/fr\/wp-json\/wp\/v2\/product_tag?post=3699"}],"curies":[{"name":"wp","href":"https:\/\/api.w.org\/{rel}","templated":true}]}}