{"id":3701,"date":"2019-07-09T16:15:07","date_gmt":"2019-07-09T14:15:07","guid":{"rendered":"http:\/\/atas.devsrvr.net\/prodotto\/supercarotto\/"},"modified":"2022-07-28T09:48:13","modified_gmt":"2022-07-28T07:48:13","slug":"supercarotto","status":"publish","type":"product","link":"https:\/\/www.atassrl.it\/fr\/prodotto\/supercarotto\/","title":{"rendered":"SUPERCAROTTO"},"content":{"rendered":"<div class=\"page\" title=\"Page 15\">\n<div class=\"section\">\n<div class=\"layoutArea\">\n<div class=\"column\">\n<p style=\"font-weight: 400;\">Produit \u00e0 faible alcalinit\u00e9 adapt\u00e9 au lavage des voitures, camions, semi-remorques, camionnettes, conteneurs, b\u00e2ches etc. en toute s\u00e9curit\u00e9 et en toute saison. Sa composition le rend tr\u00e8s valable pour dissoudre les incrustations de salet\u00e9 grasse, de terre et de smog. Sur les b\u00e2ches il assure un nettoyage parfait sans ab\u00eemer ni rayer la mati\u00e8re. Facilement rinc\u00e9, il laisse les surfaces trait\u00e9es propres et brillantes sans r\u00e9sidus.<\/p>\n<\/div>\n<\/div>\n<\/div>\n<\/div>\n","protected":false},"excerpt":{"rendered":"<div class=\"page\" title=\"Page 15\">\n<div class=\"section\">\n<div class=\"layoutArea\">\n<div class=\"column\">\n<div><span lang=\"EN-GB\">D\u00c9TERGENT POUR VOITURES ET CAMIONS<\/span><\/div>\n<\/div>\n<\/div>\n<\/div>\n<\/div>\n","protected":false},"featured_media":3331,"template":"","meta":{"_acf_changed":false,"_seopress_robots_primary_cat":"","_seopress_titles_title":"","_seopress_titles_desc":"","_seopress_robots_index":"","_seopress_analysis_target_kw":""},"product_brand":[],"product_cat":[330,272],"product_tag":[],"class_list":{"0":"post-3701","1":"product","2":"type-product","3":"status-publish","4":"has-post-thumbnail","6":"product_cat-lave-exterieurs-bicomposants","7":"product_cat-linea-atasdet-fr","9":"first","10":"instock","11":"shipping-taxable","12":"product-type-variable"},"acf":[],"_links":{"self":[{"href":"https:\/\/www.atassrl.it\/fr\/wp-json\/wp\/v2\/product\/3701","targetHints":{"allow":["GET"]}}],"collection":[{"href":"https:\/\/www.atassrl.it\/fr\/wp-json\/wp\/v2\/product"}],"about":[{"href":"https:\/\/www.atassrl.it\/fr\/wp-json\/wp\/v2\/types\/product"}],"wp:featuredmedia":[{"embeddable":true,"href":"https:\/\/www.atassrl.it\/fr\/wp-json\/wp\/v2\/media\/3331"}],"wp:attachment":[{"href":"https:\/\/www.atassrl.it\/fr\/wp-json\/wp\/v2\/media?parent=3701"}],"wp:term":[{"taxonomy":"product_brand","embeddable":true,"href":"https:\/\/www.atassrl.it\/fr\/wp-json\/wp\/v2\/product_brand?post=3701"},{"taxonomy":"product_cat","embeddable":true,"href":"https:\/\/www.atassrl.it\/fr\/wp-json\/wp\/v2\/product_cat?post=3701"},{"taxonomy":"product_tag","embeddable":true,"href":"https:\/\/www.atassrl.it\/fr\/wp-json\/wp\/v2\/product_tag?post=3701"}],"curies":[{"name":"wp","href":"https:\/\/api.w.org\/{rel}","templated":true}]}}