{"id":3709,"date":"2019-07-09T16:19:42","date_gmt":"2019-07-09T14:19:42","guid":{"rendered":"http:\/\/atas.devsrvr.net\/prodotto\/nest\/"},"modified":"2022-07-28T09:51:29","modified_gmt":"2022-07-28T07:51:29","slug":"nest","status":"publish","type":"product","link":"https:\/\/www.atassrl.it\/fr\/prodotto\/nest\/","title":{"rendered":"NEST"},"content":{"rendered":"<div class=\"page\" title=\"Page 15\">\n<div class=\"section\">\n<div class=\"layoutArea\">\n<div class=\"column\">\n<p style=\"font-weight: 400;\">Depuis des ann\u00e9es sur le march\u00e9, il est synonyme de s\u00e9curit\u00e9 et de qualit\u00e9. \u00c0 base de substances super actives s\u00e9lectionn\u00e9es, il p\u00e9n\u00e8tre en profondeur m\u00eame la salet\u00e9 incrust\u00e9e, laissant les parties trait\u00e9es propres et brillantes. De faible alcalinit\u00e9, il permet de nettoyer n&rsquo;importe quelle surface sans brossage et avec la plus grande d\u00e9licatesse. Adapt\u00e9 aux voitures, camionnettes, chariots \u00e9l\u00e9vateurs, il est \u00e9galement recommand\u00e9 pour le nettoyage int\u00e9rieur des bateaux et pour les pi\u00e8ces en TECK.<\/p>\n<\/div>\n<\/div>\n<\/div>\n<\/div>\n","protected":false},"excerpt":{"rendered":"<div class=\"page\" title=\"Page 15\">\n<div class=\"section\">\n<div class=\"layoutArea\">\n<div class=\"column\">\n<div><span lang=\"DE\">D\u00c9TERGENT POUR EXT\u00c9RIEURS<\/span><\/div>\n<\/div>\n<\/div>\n<\/div>\n<\/div>\n","protected":false},"featured_media":3290,"template":"","meta":{"_acf_changed":false,"_seopress_robots_primary_cat":"","_seopress_titles_title":"","_seopress_titles_desc":"","_seopress_robots_index":"","_seopress_analysis_target_kw":""},"product_brand":[],"product_cat":[330,272],"product_tag":[],"class_list":{"0":"post-3709","1":"product","2":"type-product","3":"status-publish","4":"has-post-thumbnail","6":"product_cat-lave-exterieurs-bicomposants","7":"product_cat-linea-atasdet-fr","9":"first","10":"instock","11":"shipping-taxable","12":"product-type-variable"},"acf":[],"_links":{"self":[{"href":"https:\/\/www.atassrl.it\/fr\/wp-json\/wp\/v2\/product\/3709","targetHints":{"allow":["GET"]}}],"collection":[{"href":"https:\/\/www.atassrl.it\/fr\/wp-json\/wp\/v2\/product"}],"about":[{"href":"https:\/\/www.atassrl.it\/fr\/wp-json\/wp\/v2\/types\/product"}],"wp:featuredmedia":[{"embeddable":true,"href":"https:\/\/www.atassrl.it\/fr\/wp-json\/wp\/v2\/media\/3290"}],"wp:attachment":[{"href":"https:\/\/www.atassrl.it\/fr\/wp-json\/wp\/v2\/media?parent=3709"}],"wp:term":[{"taxonomy":"product_brand","embeddable":true,"href":"https:\/\/www.atassrl.it\/fr\/wp-json\/wp\/v2\/product_brand?post=3709"},{"taxonomy":"product_cat","embeddable":true,"href":"https:\/\/www.atassrl.it\/fr\/wp-json\/wp\/v2\/product_cat?post=3709"},{"taxonomy":"product_tag","embeddable":true,"href":"https:\/\/www.atassrl.it\/fr\/wp-json\/wp\/v2\/product_tag?post=3709"}],"curies":[{"name":"wp","href":"https:\/\/api.w.org\/{rel}","templated":true}]}}