{"id":3725,"date":"2019-07-09T16:25:45","date_gmt":"2019-07-09T14:25:45","guid":{"rendered":"http:\/\/atas.devsrvr.net\/prodotto\/vis-410-aps\/"},"modified":"2022-07-28T10:19:18","modified_gmt":"2022-07-28T08:19:18","slug":"vis-410-aps","status":"publish","type":"product","link":"https:\/\/www.atassrl.it\/fr\/prodotto\/vis-410-aps\/","title":{"rendered":"VIS 410 APS"},"content":{"rendered":"<div class=\"page\" title=\"Page 17\">\n<div class=\"section\">\n<div class=\"layoutArea\">\n<div class=\"column\">\n<p style=\"font-weight: 400;\">D\u00e9tergent monophas\u00e9 \u00e0 base alcaline caract\u00e9ris\u00e9 par une forte action \u00e9molliente et p\u00e9n\u00e9trante. Rapide et d\u00e9finitif sur tout type de salet\u00e9, il ne s&rsquo;encrasse pas et ne laisse aucun r\u00e9sidu. Facilement rinc\u00e9 et mod\u00e9r\u00e9ment moussant, il n&rsquo;alt\u00e8re pas les surfaces peintes en plastique et en caoutchouc. Convient aux syst\u00e8mes de lavage en libre-service \u00e0 haute pression avec un excellent rapport qualit\u00e9 \/ prix. Existe aussi en version parfum\u00e9e \u00ab VIS 410 PRF \u00bb.<\/p>\n<\/div>\n<\/div>\n<\/div>\n<\/div>\n","protected":false},"excerpt":{"rendered":"<div class=\"page\" title=\"Page 17\">\n<div class=\"section\">\n<div class=\"layoutArea\">\n<div class=\"column\">\n<div><span lang=\"DE\">D\u00c9TERGENT FORT \u00c0 FAIBLE POUVOIR MOUSSANT<\/span><\/div>\n<\/div>\n<\/div>\n<\/div>\n<\/div>\n","protected":false},"featured_media":3348,"template":"","meta":{"_acf_changed":false,"_seopress_robots_primary_cat":"","_seopress_titles_title":"","_seopress_titles_desc":"","_seopress_robots_index":"","_seopress_analysis_target_kw":""},"product_brand":[],"product_cat":[272,366],"product_tag":[],"class_list":{"0":"post-3725","1":"product","2":"type-product","3":"status-publish","4":"has-post-thumbnail","6":"product_cat-linea-atasdet-fr","7":"product_cat-self-service-fr","9":"first","10":"instock","11":"shipping-taxable","12":"product-type-variable"},"acf":[],"_links":{"self":[{"href":"https:\/\/www.atassrl.it\/fr\/wp-json\/wp\/v2\/product\/3725","targetHints":{"allow":["GET"]}}],"collection":[{"href":"https:\/\/www.atassrl.it\/fr\/wp-json\/wp\/v2\/product"}],"about":[{"href":"https:\/\/www.atassrl.it\/fr\/wp-json\/wp\/v2\/types\/product"}],"wp:featuredmedia":[{"embeddable":true,"href":"https:\/\/www.atassrl.it\/fr\/wp-json\/wp\/v2\/media\/3348"}],"wp:attachment":[{"href":"https:\/\/www.atassrl.it\/fr\/wp-json\/wp\/v2\/media?parent=3725"}],"wp:term":[{"taxonomy":"product_brand","embeddable":true,"href":"https:\/\/www.atassrl.it\/fr\/wp-json\/wp\/v2\/product_brand?post=3725"},{"taxonomy":"product_cat","embeddable":true,"href":"https:\/\/www.atassrl.it\/fr\/wp-json\/wp\/v2\/product_cat?post=3725"},{"taxonomy":"product_tag","embeddable":true,"href":"https:\/\/www.atassrl.it\/fr\/wp-json\/wp\/v2\/product_tag?post=3725"}],"curies":[{"name":"wp","href":"https:\/\/api.w.org\/{rel}","templated":true}]}}