{"id":3731,"date":"2019-07-09T16:28:49","date_gmt":"2019-07-09T14:28:49","guid":{"rendered":"http:\/\/atas.devsrvr.net\/prodotto\/e-r-1\/"},"modified":"2022-07-28T10:22:30","modified_gmt":"2022-07-28T08:22:30","slug":"e-r-1","status":"publish","type":"product","link":"https:\/\/www.atassrl.it\/fr\/prodotto\/e-r-1\/","title":{"rendered":"E.R. 1"},"content":{"rendered":"<div class=\"page\" title=\"Page 17\">\n<div class=\"section\">\n<div class=\"layoutArea\">\n<div class=\"column\">\n<p style=\"font-weight: 400;\">Sp\u00e9cialement formul\u00e9 pour le lavage \u00e0 haute pression, gr\u00e2ce \u00e0 son pouvoir p\u00e9n\u00e9trant, il dissout rapidement et en profondeur les salissures de toutes sortes, laissant les surfaces brillantes. Efficace sur les jantes et d&rsquo;une grande solubilit\u00e9, il ne colmate pas et est compatible avec toute m\u00e9thode de purification.<\/p>\n<\/div>\n<\/div>\n<\/div>\n<\/div>\n","protected":false},"excerpt":{"rendered":"<div class=\"page\" title=\"Page 17\">\n<div class=\"section\">\n<div class=\"layoutArea\">\n<div class=\"column\">\n<div><span lang=\"DE\">D\u00c9TERGENT \u00c0 HAUT POUVOIR MOUSSANT<\/span><\/div>\n<\/div>\n<\/div>\n<\/div>\n<\/div>\n","protected":false},"featured_media":3235,"template":"","meta":{"_acf_changed":false,"_seopress_robots_primary_cat":"","_seopress_titles_title":"","_seopress_titles_desc":"","_seopress_robots_index":"","_seopress_analysis_target_kw":""},"product_brand":[],"product_cat":[272,366],"product_tag":[],"class_list":{"0":"post-3731","1":"product","2":"type-product","3":"status-publish","4":"has-post-thumbnail","6":"product_cat-linea-atasdet-fr","7":"product_cat-self-service-fr","9":"first","10":"instock","11":"shipping-taxable","12":"product-type-variable"},"acf":[],"_links":{"self":[{"href":"https:\/\/www.atassrl.it\/fr\/wp-json\/wp\/v2\/product\/3731","targetHints":{"allow":["GET"]}}],"collection":[{"href":"https:\/\/www.atassrl.it\/fr\/wp-json\/wp\/v2\/product"}],"about":[{"href":"https:\/\/www.atassrl.it\/fr\/wp-json\/wp\/v2\/types\/product"}],"wp:featuredmedia":[{"embeddable":true,"href":"https:\/\/www.atassrl.it\/fr\/wp-json\/wp\/v2\/media\/3235"}],"wp:attachment":[{"href":"https:\/\/www.atassrl.it\/fr\/wp-json\/wp\/v2\/media?parent=3731"}],"wp:term":[{"taxonomy":"product_brand","embeddable":true,"href":"https:\/\/www.atassrl.it\/fr\/wp-json\/wp\/v2\/product_brand?post=3731"},{"taxonomy":"product_cat","embeddable":true,"href":"https:\/\/www.atassrl.it\/fr\/wp-json\/wp\/v2\/product_cat?post=3731"},{"taxonomy":"product_tag","embeddable":true,"href":"https:\/\/www.atassrl.it\/fr\/wp-json\/wp\/v2\/product_tag?post=3731"}],"curies":[{"name":"wp","href":"https:\/\/api.w.org\/{rel}","templated":true}]}}