{"id":3741,"date":"2019-07-09T16:31:48","date_gmt":"2019-07-09T14:31:48","guid":{"rendered":"http:\/\/atas.devsrvr.net\/prodotto\/namar\/"},"modified":"2022-07-28T10:26:50","modified_gmt":"2022-07-28T08:26:50","slug":"namar","status":"publish","type":"product","link":"https:\/\/www.atassrl.it\/fr\/prodotto\/namar\/","title":{"rendered":"NAMAR"},"content":{"rendered":"<div class=\"page\" title=\"Page 18\">\n<div class=\"section\">\n<div class=\"layoutArea\">\n<div class=\"column\">\n<p style=\"font-weight: 400;\">Sa forte action d\u00e9sint\u00e9grante et \u00e9mulsifiante p\u00e9n\u00e8tre en profondeur m\u00eame la salet\u00e9 incrust\u00e9e de nature organique et inorganique. Il ne laisse aucun r\u00e9sidu, se rince facilement et est efficace m\u00eame en pr\u00e9sence d&rsquo;eau dure. Adapt\u00e9 aux op\u00e9rations de lavage et de pr\u00e9lavage de tout type de v\u00e9hicule, il est \u00e9galement disponible en version \u00ab\u00a0PRF\u00a0\u00bb avec un parfum plus fort.<\/p>\n<\/div>\n<\/div>\n<\/div>\n<\/div>\n","protected":false},"excerpt":{"rendered":"<div class=\"page\" title=\"Page 18\">\n<div class=\"section\">\n<div class=\"layoutArea\">\n<div class=\"column\">\n<div><span lang=\"EN-GB\">D\u00c9TERGENT POUR LAVAGE DE VOITURE EN SELF-SERVICE AVEC BROSSE<\/span><\/div>\n<\/div>\n<\/div>\n<\/div>\n<\/div>\n","protected":false},"featured_media":3288,"template":"","meta":{"_acf_changed":false,"_seopress_robots_primary_cat":"","_seopress_titles_title":"","_seopress_titles_desc":"","_seopress_robots_index":"","_seopress_analysis_target_kw":""},"product_brand":[],"product_cat":[272,366],"product_tag":[],"class_list":{"0":"post-3741","1":"product","2":"type-product","3":"status-publish","4":"has-post-thumbnail","6":"product_cat-linea-atasdet-fr","7":"product_cat-self-service-fr","9":"first","10":"instock","11":"shipping-taxable","12":"product-type-variable"},"acf":[],"_links":{"self":[{"href":"https:\/\/www.atassrl.it\/fr\/wp-json\/wp\/v2\/product\/3741","targetHints":{"allow":["GET"]}}],"collection":[{"href":"https:\/\/www.atassrl.it\/fr\/wp-json\/wp\/v2\/product"}],"about":[{"href":"https:\/\/www.atassrl.it\/fr\/wp-json\/wp\/v2\/types\/product"}],"wp:featuredmedia":[{"embeddable":true,"href":"https:\/\/www.atassrl.it\/fr\/wp-json\/wp\/v2\/media\/3288"}],"wp:attachment":[{"href":"https:\/\/www.atassrl.it\/fr\/wp-json\/wp\/v2\/media?parent=3741"}],"wp:term":[{"taxonomy":"product_brand","embeddable":true,"href":"https:\/\/www.atassrl.it\/fr\/wp-json\/wp\/v2\/product_brand?post=3741"},{"taxonomy":"product_cat","embeddable":true,"href":"https:\/\/www.atassrl.it\/fr\/wp-json\/wp\/v2\/product_cat?post=3741"},{"taxonomy":"product_tag","embeddable":true,"href":"https:\/\/www.atassrl.it\/fr\/wp-json\/wp\/v2\/product_tag?post=3741"}],"curies":[{"name":"wp","href":"https:\/\/api.w.org\/{rel}","templated":true}]}}