{"id":3751,"date":"2019-07-09T16:34:14","date_gmt":"2019-07-09T14:34:14","guid":{"rendered":"http:\/\/atas.devsrvr.net\/prodotto\/selfor\/"},"modified":"2022-07-28T10:28:54","modified_gmt":"2022-07-28T08:28:54","slug":"selfor","status":"publish","type":"product","link":"https:\/\/www.atassrl.it\/fr\/prodotto\/selfor\/","title":{"rendered":"SELFOR"},"content":{"rendered":"<div class=\"page\" title=\"Page 18\">\n<div class=\"section\">\n<div class=\"layoutArea\">\n<div class=\"column\">\n<p style=\"font-weight: 400;\">Produit concentr\u00e9 formul\u00e9 avec des substances cationiques \u00e0 haut pouvoir mouillant et p\u00e9n\u00e9trant vis-\u00e0-vis du film routier. Efficace sur les salet\u00e9s organiques et inorganiques, il \u00e9limine rapidement et en profondeur les r\u00e9sidus d&rsquo;huile, de graisse et de smog, laissant les surfaces trait\u00e9es propres et brillantes. Ce produit, \u00e0 \u00e9vaporation lente et facile \u00e0 rincer, n&rsquo;attaque pas les peintures, les plastiques ou les caoutchoucs. Correctement dilu\u00e9, il peut \u00eatre utilis\u00e9 sur les roues et les pi\u00e8ces m\u00e9caniques. Convient aux stations de lavage en libre-service, m\u00eame \u00e0 haute pression.<\/p>\n<\/div>\n<\/div>\n<\/div>\n<\/div>\n","protected":false},"excerpt":{"rendered":"<div class=\"page\" title=\"Page 18\">\n<div class=\"section\">\n<div class=\"layoutArea\">\n<div class=\"column\">\n<div><span lang=\"DE\">D\u00c9TERGENT EN LIBRE-SERVICE<\/span><\/div>\n<\/div>\n<\/div>\n<\/div>\n<\/div>\n","protected":false},"featured_media":3324,"template":"","meta":{"_acf_changed":false,"_seopress_robots_primary_cat":"","_seopress_titles_title":"","_seopress_titles_desc":"","_seopress_robots_index":"","_seopress_analysis_target_kw":""},"product_brand":[],"product_cat":[272,366],"product_tag":[],"class_list":{"0":"post-3751","1":"product","2":"type-product","3":"status-publish","4":"has-post-thumbnail","6":"product_cat-linea-atasdet-fr","7":"product_cat-self-service-fr","9":"first","10":"instock","11":"shipping-taxable","12":"product-type-variable"},"acf":[],"_links":{"self":[{"href":"https:\/\/www.atassrl.it\/fr\/wp-json\/wp\/v2\/product\/3751","targetHints":{"allow":["GET"]}}],"collection":[{"href":"https:\/\/www.atassrl.it\/fr\/wp-json\/wp\/v2\/product"}],"about":[{"href":"https:\/\/www.atassrl.it\/fr\/wp-json\/wp\/v2\/types\/product"}],"wp:featuredmedia":[{"embeddable":true,"href":"https:\/\/www.atassrl.it\/fr\/wp-json\/wp\/v2\/media\/3324"}],"wp:attachment":[{"href":"https:\/\/www.atassrl.it\/fr\/wp-json\/wp\/v2\/media?parent=3751"}],"wp:term":[{"taxonomy":"product_brand","embeddable":true,"href":"https:\/\/www.atassrl.it\/fr\/wp-json\/wp\/v2\/product_brand?post=3751"},{"taxonomy":"product_cat","embeddable":true,"href":"https:\/\/www.atassrl.it\/fr\/wp-json\/wp\/v2\/product_cat?post=3751"},{"taxonomy":"product_tag","embeddable":true,"href":"https:\/\/www.atassrl.it\/fr\/wp-json\/wp\/v2\/product_tag?post=3751"}],"curies":[{"name":"wp","href":"https:\/\/api.w.org\/{rel}","templated":true}]}}