{"id":3763,"date":"2019-07-09T16:40:58","date_gmt":"2019-07-09T14:40:58","guid":{"rendered":"http:\/\/atas.devsrvr.net\/prodotto\/ecotas-prelavaggio\/"},"modified":"2022-07-28T10:51:43","modified_gmt":"2022-07-28T08:51:43","slug":"ecotas-pre-lavage","status":"publish","type":"product","link":"https:\/\/www.atassrl.it\/fr\/prodotto\/ecotas-pre-lavage\/","title":{"rendered":"ECOTAS-PRE-LAVAGE"},"content":{"rendered":"<div class=\"page\" title=\"Page 20\">\n<div class=\"section\">\n<div class=\"layoutArea\">\n<div class=\"column\">\n<p style=\"font-weight: 400;\">Monocomposant l\u00e9g\u00e8rement alcalin, formul\u00e9 avec des substances particuli\u00e8res qui assurent un haut degr\u00e9 de propret\u00e9 en respectant les peintures, les plastiques, les pi\u00e8ces en aluminium et les caoutchoucs. Agr\u00e9ablement parfum\u00e9, il peut \u00e9galement \u00eatre utilis\u00e9 en toute s\u00e9curit\u00e9 pendant les saisons chaudes.<\/p>\n<\/div>\n<\/div>\n<\/div>\n<\/div>\n","protected":false},"excerpt":{"rendered":"<div class=\"page\" title=\"Page 20\">\n<div class=\"section\">\n<div class=\"layoutArea\">\n<div class=\"column\">\n<div><span lang=\"DE\">PRE-LAVAGE<\/span><\/div>\n<\/div>\n<\/div>\n<\/div>\n<\/div>\n","protected":false},"featured_media":9441,"template":"","meta":{"_acf_changed":false,"_seopress_robots_primary_cat":"","_seopress_titles_title":"","_seopress_titles_desc":"","_seopress_robots_index":"","_seopress_analysis_target_kw":""},"product_brand":[],"product_cat":[287,350],"product_tag":[],"class_list":{"0":"post-3763","1":"product","2":"type-product","3":"status-publish","4":"has-post-thumbnail","6":"product_cat-ecotass-fr-2","7":"product_cat-prelavages-a-baisse-alcalinite","9":"first","10":"instock","11":"shipping-taxable","12":"product-type-simple"},"acf":[],"_links":{"self":[{"href":"https:\/\/www.atassrl.it\/fr\/wp-json\/wp\/v2\/product\/3763","targetHints":{"allow":["GET"]}}],"collection":[{"href":"https:\/\/www.atassrl.it\/fr\/wp-json\/wp\/v2\/product"}],"about":[{"href":"https:\/\/www.atassrl.it\/fr\/wp-json\/wp\/v2\/types\/product"}],"wp:featuredmedia":[{"embeddable":true,"href":"https:\/\/www.atassrl.it\/fr\/wp-json\/wp\/v2\/media\/9441"}],"wp:attachment":[{"href":"https:\/\/www.atassrl.it\/fr\/wp-json\/wp\/v2\/media?parent=3763"}],"wp:term":[{"taxonomy":"product_brand","embeddable":true,"href":"https:\/\/www.atassrl.it\/fr\/wp-json\/wp\/v2\/product_brand?post=3763"},{"taxonomy":"product_cat","embeddable":true,"href":"https:\/\/www.atassrl.it\/fr\/wp-json\/wp\/v2\/product_cat?post=3763"},{"taxonomy":"product_tag","embeddable":true,"href":"https:\/\/www.atassrl.it\/fr\/wp-json\/wp\/v2\/product_tag?post=3763"}],"curies":[{"name":"wp","href":"https:\/\/api.w.org\/{rel}","templated":true}]}}