{"id":3767,"date":"2019-07-09T16:45:27","date_gmt":"2019-07-09T14:45:27","guid":{"rendered":"http:\/\/atas.devsrvr.net\/prodotto\/ecotass-self-service\/"},"modified":"2022-07-28T10:56:42","modified_gmt":"2022-07-28T08:56:42","slug":"ecotass-self-service","status":"publish","type":"product","link":"https:\/\/www.atassrl.it\/fr\/prodotto\/ecotass-self-service\/","title":{"rendered":"ECOTASS-SELF-SERVICE"},"content":{"rendered":"<div class=\"page\" title=\"Page 20\">\n<div class=\"section\">\n<div class=\"layoutArea\">\n<div class=\"column\">\n<p style=\"font-weight: 400;\">D\u00e9tergent parfum\u00e9 avec une formule \u00e9quilibr\u00e9e sp\u00e9cifique pour les lavages de voitures dans des syst\u00e8mes \u00e9quip\u00e9s d&rsquo;une brosse. Il produit une mousse douce \u00e0 haut pouvoir \u00e9mulsifiant contre la salet\u00e9 grasse, le smog et les r\u00e9sidus d&rsquo;insectes. Efficace m\u00eame en pr\u00e9sence d&rsquo;eau dure, il n&rsquo;encrasse pas les filtres, vannes et pompes et n&rsquo;alt\u00e8re pas les pi\u00e8ces trait\u00e9es.<\/p>\n<\/div>\n<\/div>\n<\/div>\n<\/div>\n","protected":false},"excerpt":{"rendered":"<div class=\"page\" title=\"Page 20\">\n<div class=\"section\">\n<div class=\"layoutArea\">\n<div class=\"column\">\n<p>SELF-SERVICE<\/p>\n<\/div>\n<\/div>\n<\/div>\n<\/div>\n","protected":false},"featured_media":9466,"template":"","meta":{"_acf_changed":false,"_seopress_robots_primary_cat":"","_seopress_titles_title":"","_seopress_titles_desc":"","_seopress_robots_index":"","_seopress_analysis_target_kw":""},"product_brand":[],"product_cat":[287,272,366],"product_tag":[],"class_list":{"0":"post-3767","1":"product","2":"type-product","3":"status-publish","4":"has-post-thumbnail","6":"product_cat-ecotass-fr-2","7":"product_cat-linea-atasdet-fr","8":"product_cat-self-service-fr","10":"first","11":"instock","12":"shipping-taxable","13":"product-type-simple"},"acf":[],"_links":{"self":[{"href":"https:\/\/www.atassrl.it\/fr\/wp-json\/wp\/v2\/product\/3767","targetHints":{"allow":["GET"]}}],"collection":[{"href":"https:\/\/www.atassrl.it\/fr\/wp-json\/wp\/v2\/product"}],"about":[{"href":"https:\/\/www.atassrl.it\/fr\/wp-json\/wp\/v2\/types\/product"}],"wp:featuredmedia":[{"embeddable":true,"href":"https:\/\/www.atassrl.it\/fr\/wp-json\/wp\/v2\/media\/9466"}],"wp:attachment":[{"href":"https:\/\/www.atassrl.it\/fr\/wp-json\/wp\/v2\/media?parent=3767"}],"wp:term":[{"taxonomy":"product_brand","embeddable":true,"href":"https:\/\/www.atassrl.it\/fr\/wp-json\/wp\/v2\/product_brand?post=3767"},{"taxonomy":"product_cat","embeddable":true,"href":"https:\/\/www.atassrl.it\/fr\/wp-json\/wp\/v2\/product_cat?post=3767"},{"taxonomy":"product_tag","embeddable":true,"href":"https:\/\/www.atassrl.it\/fr\/wp-json\/wp\/v2\/product_tag?post=3767"}],"curies":[{"name":"wp","href":"https:\/\/api.w.org\/{rel}","templated":true}]}}