{"id":3769,"date":"2019-07-09T16:47:34","date_gmt":"2019-07-09T14:47:34","guid":{"rendered":"http:\/\/atas.devsrvr.net\/prodotto\/ecotass-schiumogeno\/"},"modified":"2022-07-28T10:57:57","modified_gmt":"2022-07-28T08:57:57","slug":"ecotass-agent-moussant","status":"publish","type":"product","link":"https:\/\/www.atassrl.it\/fr\/prodotto\/ecotass-agent-moussant\/","title":{"rendered":"ECOTASS-AGENT MOUSSANT"},"content":{"rendered":"<div class=\"page\" title=\"Page 21\">\n<div class=\"section\">\n<div class=\"layoutArea\">\n<div class=\"column\">\n<p style=\"font-weight: 400;\">D\u00e9tergent \u00e0 faible alcalinit\u00e9 \u00e0 base de tensioactifs sp\u00e9ciaux d&rsquo;origine naturelle capables de d\u00e9velopper une mousse abondante qui p\u00e9n\u00e8tre profond\u00e9ment la salet\u00e9, l&rsquo;adoucit et facilite l&rsquo;op\u00e9ration de nettoyage. Efficace m\u00eame en pr\u00e9sence d&rsquo;eau dure, facile \u00e0 rincer, parfum\u00e9e.<\/p>\n<\/div>\n<\/div>\n<\/div>\n<\/div>\n","protected":false},"excerpt":{"rendered":"<div class=\"page\" title=\"Page 21\">\n<div class=\"section\">\n<div class=\"layoutArea\">\n<div class=\"column\">\n<div><span lang=\"DE\">AGENT MOUSSANT<\/span><\/div>\n<\/div>\n<\/div>\n<\/div>\n<\/div>\n","protected":false},"featured_media":9461,"template":"","meta":{"_acf_changed":false,"_seopress_robots_primary_cat":"","_seopress_titles_title":"","_seopress_titles_desc":"","_seopress_robots_index":"","_seopress_analysis_target_kw":""},"product_brand":[],"product_cat":[287,272,362],"product_tag":[],"class_list":{"0":"post-3769","1":"product","2":"type-product","3":"status-publish","4":"has-post-thumbnail","6":"product_cat-ecotass-fr-2","7":"product_cat-linea-atasdet-fr","8":"product_cat-moussants","10":"first","11":"instock","12":"shipping-taxable","13":"product-type-simple"},"acf":[],"_links":{"self":[{"href":"https:\/\/www.atassrl.it\/fr\/wp-json\/wp\/v2\/product\/3769","targetHints":{"allow":["GET"]}}],"collection":[{"href":"https:\/\/www.atassrl.it\/fr\/wp-json\/wp\/v2\/product"}],"about":[{"href":"https:\/\/www.atassrl.it\/fr\/wp-json\/wp\/v2\/types\/product"}],"wp:featuredmedia":[{"embeddable":true,"href":"https:\/\/www.atassrl.it\/fr\/wp-json\/wp\/v2\/media\/9461"}],"wp:attachment":[{"href":"https:\/\/www.atassrl.it\/fr\/wp-json\/wp\/v2\/media?parent=3769"}],"wp:term":[{"taxonomy":"product_brand","embeddable":true,"href":"https:\/\/www.atassrl.it\/fr\/wp-json\/wp\/v2\/product_brand?post=3769"},{"taxonomy":"product_cat","embeddable":true,"href":"https:\/\/www.atassrl.it\/fr\/wp-json\/wp\/v2\/product_cat?post=3769"},{"taxonomy":"product_tag","embeddable":true,"href":"https:\/\/www.atassrl.it\/fr\/wp-json\/wp\/v2\/product_tag?post=3769"}],"curies":[{"name":"wp","href":"https:\/\/api.w.org\/{rel}","templated":true}]}}