{"id":3773,"date":"2019-07-09T16:51:47","date_gmt":"2019-07-09T14:51:47","guid":{"rendered":"http:\/\/atas.devsrvr.net\/prodotto\/ecotass-autoasciugante\/"},"modified":"2022-07-28T11:04:14","modified_gmt":"2022-07-28T09:04:14","slug":"ecotass-agent-auto-sechant","status":"publish","type":"product","link":"https:\/\/www.atassrl.it\/fr\/prodotto\/ecotass-agent-auto-sechant\/","title":{"rendered":"ECOTASS-AGENT AUTO-S\u00c9CHANT"},"content":{"rendered":"<div class=\"page\" title=\"Page 21\">\n<div class=\"section\">\n<div class=\"layoutArea\">\n<div class=\"column\">\n<p style=\"font-weight: 400;\">Produit cationique sans hydrocarbures sp\u00e9cifique pour le s\u00e9chage chimique dans les syst\u00e8mes de lavage automatiques. D&rsquo;action imm\u00e9diate, il provoque la formation de grosses gouttes d&rsquo;eau tr\u00e8s glissantes. Il ne laisse aucun r\u00e9sidu, ne salit pas et ne graisse pas.<\/p>\n<\/div>\n<\/div>\n<\/div>\n<\/div>\n","protected":false},"excerpt":{"rendered":"<div class=\"page\" title=\"Page 21\">\n<div class=\"section\">\n<div class=\"layoutArea\">\n<div class=\"column\">\n<div><span lang=\"DE\">AGENT AUTO-S\u00c9CHANT<\/span><\/div>\n<\/div>\n<\/div>\n<\/div>\n<\/div>\n","protected":false},"featured_media":9446,"template":"","meta":{"_acf_changed":false,"_seopress_robots_primary_cat":"","_seopress_titles_title":"","_seopress_titles_desc":"","_seopress_robots_index":"","_seopress_analysis_target_kw":""},"product_brand":[],"product_cat":[287],"product_tag":[],"class_list":{"0":"post-3773","1":"product","2":"type-product","3":"status-publish","4":"has-post-thumbnail","6":"product_cat-ecotass-fr-2","8":"first","9":"instock","10":"shipping-taxable","11":"product-type-simple"},"acf":[],"_links":{"self":[{"href":"https:\/\/www.atassrl.it\/fr\/wp-json\/wp\/v2\/product\/3773","targetHints":{"allow":["GET"]}}],"collection":[{"href":"https:\/\/www.atassrl.it\/fr\/wp-json\/wp\/v2\/product"}],"about":[{"href":"https:\/\/www.atassrl.it\/fr\/wp-json\/wp\/v2\/types\/product"}],"wp:featuredmedia":[{"embeddable":true,"href":"https:\/\/www.atassrl.it\/fr\/wp-json\/wp\/v2\/media\/9446"}],"wp:attachment":[{"href":"https:\/\/www.atassrl.it\/fr\/wp-json\/wp\/v2\/media?parent=3773"}],"wp:term":[{"taxonomy":"product_brand","embeddable":true,"href":"https:\/\/www.atassrl.it\/fr\/wp-json\/wp\/v2\/product_brand?post=3773"},{"taxonomy":"product_cat","embeddable":true,"href":"https:\/\/www.atassrl.it\/fr\/wp-json\/wp\/v2\/product_cat?post=3773"},{"taxonomy":"product_tag","embeddable":true,"href":"https:\/\/www.atassrl.it\/fr\/wp-json\/wp\/v2\/product_tag?post=3773"}],"curies":[{"name":"wp","href":"https:\/\/api.w.org\/{rel}","templated":true}]}}