{"id":3791,"date":"2019-07-09T17:01:18","date_gmt":"2019-07-09T15:01:18","guid":{"rendered":"http:\/\/atas.devsrvr.net\/prodotto\/autobella-lavaincera-2\/"},"modified":"2022-07-28T11:27:17","modified_gmt":"2022-07-28T09:27:17","slug":"autobella-lavaincera-2","status":"publish","type":"product","link":"https:\/\/www.atassrl.it\/fr\/prodotto\/autobella-lavaincera-2\/","title":{"rendered":"AUTOBELLA LAVAINCERA"},"content":{"rendered":"<div class=\"page\" title=\"Page 22\">\n<div class=\"section\">\n<div class=\"layoutArea\">\n<div class=\"column\">\n<p style=\"font-weight: 400;\">Sp\u00e9cialement formul\u00e9 pour laver et d\u00e9graisser tout type de peinture. Riche en substances lustrantes, \u00e9mulsifiantes et hydrofuges, il facilite l&rsquo;op\u00e9ration de s\u00e9chage en laissant une brillance surprenante. Recommand\u00e9 pour le lavage des surfaces d\u00e9licates. Il ne contient pas de phosphates.<\/p>\n<\/div>\n<\/div>\n<\/div>\n<\/div>\n","protected":false},"excerpt":{"rendered":"<div class=\"page\" title=\"Page 22\">\n<div class=\"section\">\n<div class=\"layoutArea\">\n<div class=\"column\">\n<div><span lang=\"DE\">SHAMPOOING MANUEL DE POLISSAGE<\/span><\/div>\n<\/div>\n<\/div>\n<\/div>\n<\/div>\n","protected":false},"featured_media":3175,"template":"","meta":{"_acf_changed":false,"_seopress_robots_primary_cat":"","_seopress_titles_title":"","_seopress_titles_desc":"","_seopress_robots_index":"","_seopress_analysis_target_kw":""},"product_brand":[],"product_cat":[272,781,373],"product_tag":[],"class_list":{"0":"post-3791","1":"product","2":"type-product","3":"status-publish","4":"has-post-thumbnail","6":"product_cat-linea-atasdet-fr","7":"product_cat-nettoyants-exterieurs","8":"product_cat-shampooing-doux","10":"first","11":"instock","12":"shipping-taxable","13":"product-type-variable"},"acf":[],"_links":{"self":[{"href":"https:\/\/www.atassrl.it\/fr\/wp-json\/wp\/v2\/product\/3791","targetHints":{"allow":["GET"]}}],"collection":[{"href":"https:\/\/www.atassrl.it\/fr\/wp-json\/wp\/v2\/product"}],"about":[{"href":"https:\/\/www.atassrl.it\/fr\/wp-json\/wp\/v2\/types\/product"}],"wp:featuredmedia":[{"embeddable":true,"href":"https:\/\/www.atassrl.it\/fr\/wp-json\/wp\/v2\/media\/3175"}],"wp:attachment":[{"href":"https:\/\/www.atassrl.it\/fr\/wp-json\/wp\/v2\/media?parent=3791"}],"wp:term":[{"taxonomy":"product_brand","embeddable":true,"href":"https:\/\/www.atassrl.it\/fr\/wp-json\/wp\/v2\/product_brand?post=3791"},{"taxonomy":"product_cat","embeddable":true,"href":"https:\/\/www.atassrl.it\/fr\/wp-json\/wp\/v2\/product_cat?post=3791"},{"taxonomy":"product_tag","embeddable":true,"href":"https:\/\/www.atassrl.it\/fr\/wp-json\/wp\/v2\/product_tag?post=3791"}],"curies":[{"name":"wp","href":"https:\/\/api.w.org\/{rel}","templated":true}]}}