{"id":3797,"date":"2019-07-09T17:14:42","date_gmt":"2019-07-09T15:14:42","guid":{"rendered":"http:\/\/atas.devsrvr.net\/prodotto\/dls-100\/"},"modified":"2022-07-28T11:34:36","modified_gmt":"2022-07-28T09:34:36","slug":"dls-100","status":"publish","type":"product","link":"https:\/\/www.atassrl.it\/fr\/prodotto\/dls-100\/","title":{"rendered":"DLS 100"},"content":{"rendered":"<div class=\"page\" title=\"Page 24\">\n<div class=\"section\">\n<div class=\"layoutArea\">\n<div class=\"column\">M\u00e9lange sp\u00e9cial de tensioactifs \u00e0 haut pouvoir moussant qui assure un excellent \u00ab\u00a0effet neige\u00a0\u00bb. La mousse abondante qui se d\u00e9veloppe adoucit la salet\u00e9 r\u00e9siduelle, facilitant l&rsquo;action nettoyante des brosses. Faible effet nettoyant, facile \u00e0 rincer, il ne laisse aucun r\u00e9sidu et n&rsquo;affecte pas la phase de s\u00e9chage. La version parfum\u00e9e \u00ab PRF \u00bb est disponible.<\/div>\n<\/div>\n<\/div>\n<\/div>\n","protected":false},"excerpt":{"rendered":"<div class=\"page\" title=\"Page 24\">\n<div class=\"section\">\n<div class=\"layoutArea\">\n<div class=\"column\">\n<p>AGENT ECUMEUX POUR INSTALLATIONS AUTOMATIQUES<\/p>\n<\/div>\n<\/div>\n<\/div>\n<\/div>\n","protected":false},"featured_media":3216,"template":"","meta":{"_acf_changed":false,"_seopress_robots_primary_cat":"","_seopress_titles_title":"","_seopress_titles_desc":"","_seopress_robots_index":"","_seopress_analysis_target_kw":""},"product_brand":[],"product_cat":[272,362],"product_tag":[898],"class_list":{"0":"post-3797","1":"product","2":"type-product","3":"status-publish","4":"has-post-thumbnail","6":"product_cat-linea-atasdet-fr","7":"product_cat-moussants","8":"product_tag-agent-moussant","10":"first","11":"instock","12":"shipping-taxable","13":"product-type-simple"},"acf":[],"_links":{"self":[{"href":"https:\/\/www.atassrl.it\/fr\/wp-json\/wp\/v2\/product\/3797","targetHints":{"allow":["GET"]}}],"collection":[{"href":"https:\/\/www.atassrl.it\/fr\/wp-json\/wp\/v2\/product"}],"about":[{"href":"https:\/\/www.atassrl.it\/fr\/wp-json\/wp\/v2\/types\/product"}],"wp:featuredmedia":[{"embeddable":true,"href":"https:\/\/www.atassrl.it\/fr\/wp-json\/wp\/v2\/media\/3216"}],"wp:attachment":[{"href":"https:\/\/www.atassrl.it\/fr\/wp-json\/wp\/v2\/media?parent=3797"}],"wp:term":[{"taxonomy":"product_brand","embeddable":true,"href":"https:\/\/www.atassrl.it\/fr\/wp-json\/wp\/v2\/product_brand?post=3797"},{"taxonomy":"product_cat","embeddable":true,"href":"https:\/\/www.atassrl.it\/fr\/wp-json\/wp\/v2\/product_cat?post=3797"},{"taxonomy":"product_tag","embeddable":true,"href":"https:\/\/www.atassrl.it\/fr\/wp-json\/wp\/v2\/product_tag?post=3797"}],"curies":[{"name":"wp","href":"https:\/\/api.w.org\/{rel}","templated":true}]}}