{"id":3799,"date":"2019-07-09T17:18:09","date_gmt":"2019-07-09T15:18:09","guid":{"rendered":"http:\/\/atas.devsrvr.net\/prodotto\/dls-100-bu-ro-gl\/"},"modified":"2022-07-28T11:37:17","modified_gmt":"2022-07-28T09:37:17","slug":"dls-100-ro-gl","status":"publish","type":"product","link":"https:\/\/www.atassrl.it\/fr\/prodotto\/dls-100-ro-gl\/","title":{"rendered":"DLS 100 RO-GL"},"content":{"rendered":"<div class=\"page\" title=\"Page 24\">\n<div class=\"section\">\n<div class=\"layoutArea\">\n<div class=\"column\">\n<p style=\"font-weight: 400;\">Mousse qui garantit un impact visuel original qui satisfait le client et attire le sien. Moyennement d\u00e9tergent, il ne tache pas, n&rsquo;obstrue pas les pompes et les buses, et se rince facilement. Utilisez-le pur directement dans l&rsquo;arc mousse aspir\u00e9 en ajustant la pression \u00e0 4\/6 atm et avec de l&rsquo;eau en m\u00e9lange ouvert. S&rsquo;il est utilis\u00e9 avec un n\u00e9buliseur \u00e0 mousse, maintenez la m\u00eame pression. R\u00e9duire les battements pour emp\u00eacher la couleur de persister dans les eaux us\u00e9es.<\/p>\n<\/div>\n<\/div>\n<\/div>\n<\/div>\n","protected":false},"excerpt":{"rendered":"<div class=\"page\" title=\"Page 24\">\n<div class=\"section\">\n<div class=\"layoutArea\">\n<div class=\"column\">\n<p>AGENT MOUSSANT COLOR\u00c9<\/p>\n<\/div>\n<\/div>\n<\/div>\n<\/div>\n","protected":false},"featured_media":9474,"template":"","meta":{"_acf_changed":false,"_seopress_robots_primary_cat":"","_seopress_titles_title":"","_seopress_titles_desc":"","_seopress_robots_index":"","_seopress_analysis_target_kw":""},"product_brand":[],"product_cat":[272,362],"product_tag":[],"class_list":{"0":"post-3799","1":"product","2":"type-product","3":"status-publish","4":"has-post-thumbnail","6":"product_cat-linea-atasdet-fr","7":"product_cat-moussants","9":"first","10":"instock","11":"shipping-taxable","12":"product-type-variable"},"acf":[],"_links":{"self":[{"href":"https:\/\/www.atassrl.it\/fr\/wp-json\/wp\/v2\/product\/3799","targetHints":{"allow":["GET"]}}],"collection":[{"href":"https:\/\/www.atassrl.it\/fr\/wp-json\/wp\/v2\/product"}],"about":[{"href":"https:\/\/www.atassrl.it\/fr\/wp-json\/wp\/v2\/types\/product"}],"wp:featuredmedia":[{"embeddable":true,"href":"https:\/\/www.atassrl.it\/fr\/wp-json\/wp\/v2\/media\/9474"}],"wp:attachment":[{"href":"https:\/\/www.atassrl.it\/fr\/wp-json\/wp\/v2\/media?parent=3799"}],"wp:term":[{"taxonomy":"product_brand","embeddable":true,"href":"https:\/\/www.atassrl.it\/fr\/wp-json\/wp\/v2\/product_brand?post=3799"},{"taxonomy":"product_cat","embeddable":true,"href":"https:\/\/www.atassrl.it\/fr\/wp-json\/wp\/v2\/product_cat?post=3799"},{"taxonomy":"product_tag","embeddable":true,"href":"https:\/\/www.atassrl.it\/fr\/wp-json\/wp\/v2\/product_tag?post=3799"}],"curies":[{"name":"wp","href":"https:\/\/api.w.org\/{rel}","templated":true}]}}